{"id":10,"date":"2021-10-05T13:05:24","date_gmt":"2021-10-05T13:05:24","guid":{"rendered":"https:\/\/themepanthers.com\/wp\/creote\/v-new\/?page_id=10"},"modified":"2022-04-12T15:00:45","modified_gmt":"2022-04-12T15:00:45","slug":"hakkimizda","status":"publish","type":"page","link":"http:\/\/turkogluhazirbeton.com.tr\/index.php\/hakkimizda\/","title":{"rendered":"Hakk\u0131m\u0131zda"},"content":{"rendered":"\t\t<div data-elementor-type=\"wp-page\" data-elementor-id=\"10\" class=\"elementor elementor-10\">\n\t\t\t\t\t\t<section class=\"elementor-section elementor-top-section elementor-element elementor-element-0a7202d elementor-section-boxed elementor-section-height-default elementor-section-height-default\" data-id=\"0a7202d\" data-element_type=\"section\" data-e-type=\"section\">\n\t\t\t\t\t\t<div class=\"elementor-container elementor-column-gap-default\">\n\t\t\t\t\t<div class=\"elementor-column elementor-col-50 elementor-top-column elementor-element elementor-element-55138ff\" data-id=\"55138ff\" data-element_type=\"column\" data-e-type=\"column\">\n\t\t\t<div class=\"elementor-widget-wrap elementor-element-populated\">\n\t\t\t\t\t\t<div class=\"elementor-element elementor-element-5d44b56 elementor-widget elementor-widget-creote-title-v1\" data-id=\"5d44b56\" data-element_type=\"widget\" data-e-type=\"widget\" data-widget_type=\"creote-title-v1.default\">\n\t\t\t\t<div class=\"elementor-widget-container\">\n\t\t\t\t\t<div class=\"title_all_box style_one  dark_color\" >\r\n         <div class=\"title_sections left\">\r\n            <div class=\"before_title\">\r\n         T\u00fcrko\u011flu Haz\u0131r Beton      <\/div>\r\n                  <h2>  Firma Profili<\/h2>\r\n               <\/div>\r\n               \r\n<\/div>\r\n\t\t\t\t<\/div>\n\t\t\t\t<\/div>\n\t\t\t\t<div class=\"elementor-element elementor-element-d1c92db elementor-widget elementor-widget-creote-description-v1\" data-id=\"d1c92db\" data-element_type=\"widget\" data-e-type=\"widget\" data-widget_type=\"creote-description-v1.default\">\n\t\t\t\t<div class=\"elementor-widget-container\">\n\t\t\t\t\t<div class=\"description_box\" >\r\n    <p>T\u00fcrko\u011flu Haz\u0131r Beton olarak 2010 y\u0131l\u0131ndaan beri sekt\u00f6rde hizmet vermekteyiz.M\u00fc\u015fterilerine, \u00e7al\u0131\u015fanlar\u0131na, \u00e7evreye ve topluma kar\u015f\u0131 olan sorumluluk bilinciyle t\u00fcm s\u00fcre\u00e7lerinde kalite, payda\u015flar\u0131n memnuniyeti ve s\u00fcrd\u00fcr\u00fclebilirlik odakl\u0131 hareket etmekte olan \u00c7imko bug\u00fcn\u00fcn \u00f6tesinde yar\u0131n\u0131n ihtiya\u00e7lar\u0131n\u0131 kar\u015f\u0131layabilmek i\u00e7in \u00e7al\u0131\u015fmaktad\u0131r.Adana ba\u015fta olmak \u00fczere yak\u0131n yerle\u015fimlere hizmet vermekteyiz. A\u011f\u0131rl\u0131kl\u0131 olarak K\u0130PA\u015e \u00fcr\u00fcnleri temin etmekteyiz.\n\n\u00c7al\u0131\u015fanlar\u0131n y\u00f6netime aktif kat\u0131l\u0131m\u0131,motivasyon ve ileti\u015fimin geli\u015ftirilmesi gibi konular \u00fczerinde hassasiyetle durulan \u015eirketimizin, geleneksel \u00e7evreye sayg\u0131 ve koruma anlay\u0131\u015f\u0131 da,t\u00fcm \u00fcnite ve tesislerine de yans\u0131m\u0131\u015ft\u0131r .\n\n\u015eirketimiz;modern kalite kavram\u0131n\u0131 ve m\u00fc\u015fteri tatminini \u00f6n plana alarak bu alanda gerekli her t\u00fcrl\u00fc yat\u0131r\u0131m ve ara\u015ft\u0131rma faaliyetlerine de devam etmektedir.\n\nSekt\u00f6r\u00fcn\u00fcn en iyisi olmas\u0131 prensibi ile \u00e7al\u0131\u015farak k\u0131sa zamanda T\u00fcrkiye\u2019nin \u00f6nde gelen \u00c7imento \u00fcreticileri aras\u0131na giren K\u00c7S; Kahramanmara\u015f ilinin, Pazarc\u0131k il\u00e7esi Gaziantep-Narl\u0131 otoban gi\u015feleri yolu \u00fczerinde 756.000 m2\u2019lik bir alanda \u00c7imento ve Gazbeton \u00fcretim faaliyetlerini s\u00fcrd\u00fcrmektedir. 7 ilde bulunan tesisleri ile \u00c7imento, Gazbeton ve Beton \u00fcretim faaliyetlerini y\u00fcr\u00fctmekte ve yakla\u015f\u0131k 1000 ki\u015fiye istihdam sa\u011flamaktad\u0131r.<\/p>\r\n  <\/div>\r\n\t\t\t\t<\/div>\n\t\t\t\t<\/div>\n\t\t\t\t\t<\/div>\n\t\t<\/div>\n\t\t\t\t<div class=\"elementor-column elementor-col-50 elementor-top-column elementor-element elementor-element-bfd1edc\" data-id=\"bfd1edc\" data-element_type=\"column\" data-e-type=\"column\">\n\t\t\t<div class=\"elementor-widget-wrap elementor-element-populated\">\n\t\t\t\t\t\t<div class=\"elementor-element elementor-element-a9fb537 elementor-widget elementor-widget-creote-image-box-v1\" data-id=\"a9fb537\" data-element_type=\"widget\" data-e-type=\"widget\" data-widget_type=\"creote-image-box-v1.default\">\n\t\t\t\t<div class=\"elementor-widget-container\">\n\t\t\t\t\t<div class=\"image_boxes style_two\" >\r\n      <img decoding=\"async\" src=\"http:\/\/turkogluhazirbeton.com.tr\/wp-content\/plugins\/creote-addons\/\/assets\/images\/shape-1.png\" class=\"background_image\" alt=\"image\" \/>\r\n         <div class=\"image one\">\r\n      <img decoding=\"async\" src=\"http:\/\/turkogluhazirbeton.com.tr\/wp-content\/uploads\/2022\/04\/sh1.jpg\" class=\"img\" alt=\"image\" \/>\r\n   <\/div>\r\n         <div class=\"image two\">\r\n      <img decoding=\"async\" src=\"http:\/\/turkogluhazirbeton.com.tr\/wp-content\/uploads\/2022\/04\/sh2.jpg\" class=\"img\" alt=\"image\" \/>\r\n         <\/div>\r\n         <div class=\"authour_quotes\">\r\n      <i class=\"icon-quote\"><\/i>\r\n      <h6>    M\u00fcmk\u00fcn olan en iyi fiyatlarla\n      sizlerin hizmetinizdeyiz<\/h6>\r\n      <p>   <\/p>\r\n   <\/div>\r\n   <\/div>\r\n \r\n\t\t\t\t<\/div>\n\t\t\t\t<\/div>\n\t\t\t\t\t<\/div>\n\t\t<\/div>\n\t\t\t\t\t<\/div>\n\t\t<\/section>\n\t\t\t\t<\/div>\n\t\t","protected":false},"excerpt":{"rendered":"<p>T\u00fcrko\u011flu Haz\u0131r Beton Firma Profili T\u00fcrko\u011flu Haz\u0131r Beton olarak 2010 y\u0131l\u0131ndaan beri sekt\u00f6rde hizmet vermekteyiz.M\u00fc\u015fterilerine, \u00e7al\u0131\u015fanlar\u0131na, \u00e7evreye ve topluma kar\u015f\u0131 olan sorumluluk bilinciyle t\u00fcm s\u00fcre\u00e7lerinde kalite, payda\u015flar\u0131n memnuniyeti ve s\u00fcrd\u00fcr\u00fclebilirlik odakl\u0131 hareket etmekte olan \u00c7imko bug\u00fcn\u00fcn \u00f6tesinde yar\u0131n\u0131n ihtiya\u00e7lar\u0131n\u0131 kar\u015f\u0131layabilmek i\u00e7in \u00e7al\u0131\u015fmaktad\u0131r.Adana ba\u015fta olmak \u00fczere yak\u0131n yerle\u015fimlere hizmet vermekteyiz. A\u011f\u0131rl\u0131kl\u0131 olarak K\u0130PA\u015e \u00fcr\u00fcnleri temin etmekteyiz. [&hellip;]<\/p>\n","protected":false},"author":1,"featured_media":0,"parent":0,"menu_order":0,"comment_status":"closed","ping_status":"closed","template":"template-fullwidth.php","meta":{"_mi_skip_tracking":false,"footnotes":""},"class_list":["post-10","page","type-page","status-publish","hentry"],"_links":{"self":[{"href":"http:\/\/turkogluhazirbeton.com.tr\/index.php\/wp-json\/wp\/v2\/pages\/10","targetHints":{"allow":["GET"]}}],"collection":[{"href":"http:\/\/turkogluhazirbeton.com.tr\/index.php\/wp-json\/wp\/v2\/pages"}],"about":[{"href":"http:\/\/turkogluhazirbeton.com.tr\/index.php\/wp-json\/wp\/v2\/types\/page"}],"author":[{"embeddable":true,"href":"http:\/\/turkogluhazirbeton.com.tr\/index.php\/wp-json\/wp\/v2\/users\/1"}],"replies":[{"embeddable":true,"href":"http:\/\/turkogluhazirbeton.com.tr\/index.php\/wp-json\/wp\/v2\/comments?post=10"}],"version-history":[{"count":29,"href":"http:\/\/turkogluhazirbeton.com.tr\/index.php\/wp-json\/wp\/v2\/pages\/10\/revisions"}],"predecessor-version":[{"id":6142,"href":"http:\/\/turkogluhazirbeton.com.tr\/index.php\/wp-json\/wp\/v2\/pages\/10\/revisions\/6142"}],"wp:attachment":[{"href":"http:\/\/turkogluhazirbeton.com.tr\/index.php\/wp-json\/wp\/v2\/media?parent=10"}],"curies":[{"name":"wp","href":"https:\/\/api.w.org\/{rel}","templated":true}]}}