{"id":5774,"date":"2022-04-09T04:46:40","date_gmt":"2022-04-09T04:46:40","guid":{"rendered":"http:\/\/turkogluhazirbeton.com.tr\/?page_id=5774"},"modified":"2022-04-09T04:52:30","modified_gmt":"2022-04-09T04:52:30","slug":"kendiliginden-yerlesen-sikisan-beton","status":"publish","type":"page","link":"http:\/\/turkogluhazirbeton.com.tr\/index.php\/kendiliginden-yerlesen-sikisan-beton\/","title":{"rendered":"Kendili\u011finden Yerle\u015fen (S\u0131k\u0131\u015fan) Beton"},"content":{"rendered":"\t\t<div data-elementor-type=\"wp-page\" data-elementor-id=\"5774\" class=\"elementor elementor-5774\">\n\t\t\t\t\t\t<section class=\"elementor-section elementor-top-section elementor-element elementor-element-6f98298 elementor-section-boxed elementor-section-height-default elementor-section-height-default\" data-id=\"6f98298\" data-element_type=\"section\" data-e-type=\"section\">\n\t\t\t\t\t\t<div class=\"elementor-container elementor-column-gap-default\">\n\t\t\t\t\t<div class=\"elementor-column elementor-col-100 elementor-top-column elementor-element elementor-element-40564a3\" data-id=\"40564a3\" data-element_type=\"column\" data-e-type=\"column\">\n\t\t\t<div class=\"elementor-widget-wrap elementor-element-populated\">\n\t\t\t\t\t\t<div class=\"elementor-element elementor-element-05fa3fc elementor-widget elementor-widget-creote-logo-v1\" data-id=\"05fa3fc\" data-element_type=\"widget\" data-e-type=\"widget\" data-widget_type=\"creote-logo-v1.default\">\n\t\t\t\t<div class=\"elementor-widget-container\">\n\t\t\t\t\t<div class=\"header_logo_box_solo\">\r\n   <a href=\"http:\/\/turkogluhazirbeton.com.tr\" class=\"logo navbar-brand\">\r\n   <img decoding=\"async\" src=\"http:\/\/turkogluhazirbeton.com.tr\/wp-content\/uploads\/2022\/04\/too.png\" alt=\"T&uuml;rko\u011flu Haz\u0131r Beton\" class=\"logo_default\">\r\n    \r\n   <\/a>\r\n<\/div>\r\n\t\t\t\t<\/div>\n\t\t\t\t<\/div>\n\t\t\t\t\t<\/div>\n\t\t<\/div>\n\t\t\t\t\t<\/div>\n\t\t<\/section>\n\t\t\t\t<section class=\"elementor-section elementor-top-section elementor-element elementor-element-4676ed3 elementor-section-boxed elementor-section-height-default elementor-section-height-default\" data-id=\"4676ed3\" data-element_type=\"section\" data-e-type=\"section\">\n\t\t\t\t\t\t<div class=\"elementor-container elementor-column-gap-default\">\n\t\t\t\t\t<div class=\"elementor-column elementor-col-100 elementor-top-column elementor-element elementor-element-4912c13\" data-id=\"4912c13\" data-element_type=\"column\" data-e-type=\"column\">\n\t\t\t<div class=\"elementor-widget-wrap\">\n\t\t\t\t\t\t\t<\/div>\n\t\t<\/div>\n\t\t\t\t\t<\/div>\n\t\t<\/section>\n\t\t\t\t<section class=\"elementor-section elementor-top-section elementor-element elementor-element-7b380d0 elementor-section-boxed elementor-section-height-default elementor-section-height-default\" data-id=\"7b380d0\" data-element_type=\"section\" data-e-type=\"section\">\n\t\t\t\t\t\t<div class=\"elementor-container elementor-column-gap-default\">\n\t\t\t\t\t<div class=\"elementor-column elementor-col-50 elementor-top-column elementor-element elementor-element-0a159ce\" data-id=\"0a159ce\" data-element_type=\"column\" data-e-type=\"column\">\n\t\t\t<div class=\"elementor-widget-wrap elementor-element-populated\">\n\t\t\t\t\t\t<div class=\"elementor-element elementor-element-0aa5983 e-transform elementor-invisible elementor-widget elementor-widget-creote-simple-image-box-v1\" data-id=\"0aa5983\" data-element_type=\"widget\" data-e-type=\"widget\" data-settings=\"{&quot;_animation&quot;:&quot;zoomIn&quot;,&quot;_transform_scale_effect&quot;:{&quot;unit&quot;:&quot;px&quot;,&quot;size&quot;:1,&quot;sizes&quot;:[]},&quot;_transform_scale_effect_tablet&quot;:{&quot;unit&quot;:&quot;px&quot;,&quot;size&quot;:&quot;&quot;,&quot;sizes&quot;:[]},&quot;_transform_scale_effect_mobile&quot;:{&quot;unit&quot;:&quot;px&quot;,&quot;size&quot;:&quot;&quot;,&quot;sizes&quot;:[]}}\" data-widget_type=\"creote-simple-image-box-v1.default\">\n\t\t\t\t<div class=\"elementor-widget-container\">\n\t\t\t\t\t<div class=\"simple_image_boxes  parallax_cover\"   data-aos=\"fade-up\" data-aos-delay=\"0\" >\r\n   <img decoding=\"async\" src=\"http:\/\/turkogluhazirbeton.com.tr\/wp-content\/uploads\/2022\/04\/f1-1594905326.jpg\" class=\"simp_img cover-parallax\" alt=\"image\" \/>\r\n<\/div>\r\n\t\t\t\t<\/div>\n\t\t\t\t<\/div>\n\t\t\t\t\t<\/div>\n\t\t<\/div>\n\t\t\t\t<div class=\"elementor-column elementor-col-50 elementor-top-column elementor-element elementor-element-ba8c079\" data-id=\"ba8c079\" data-element_type=\"column\" data-e-type=\"column\">\n\t\t\t<div class=\"elementor-widget-wrap elementor-element-populated\">\n\t\t\t\t\t\t<div class=\"elementor-element elementor-element-4816bdb elementor-widget elementor-widget-creote-title-v1\" data-id=\"4816bdb\" data-element_type=\"widget\" data-e-type=\"widget\" data-widget_type=\"creote-title-v1.default\">\n\t\t\t\t<div class=\"elementor-widget-container\">\n\t\t\t\t\t<div class=\"title_all_box style_one  dark_color\" >\r\n         <div class=\"title_sections center\">\r\n            <div class=\"before_title\">\r\n         \u00dcru\u0308n Tipi      <\/div>\r\n                  <h2>  Kendili\u011finden Yerle\u015fen (S\u0131k\u0131\u015fan) Beton<\/h2>\r\n                  <p>  <strong>\u00dcru\u0308n Tan\u0131m\u0131<\/strong><\/br>\n\u00dcru\u0308n Tipi\nCEM I 52,5 N\n\n\u00dcru\u0308n Tan\u0131m\u0131\nTS EN 206 ve at\u0131fta bulundu\u011fu t\u00fcm standartlara ba\u011fl\u0131 kal\u0131narak Standarda G\u00f6re Tarif Edilmi\u015f Beton olarak \u00fcretim yap\u0131lmaktad\u0131r.<\/p>\r\n         <\/div>\r\n               \r\n<\/div>\r\n\t\t\t\t<\/div>\n\t\t\t\t<\/div>\n\t\t\t\t\t<\/div>\n\t\t<\/div>\n\t\t\t\t\t<\/div>\n\t\t<\/section>\n\t\t\t\t<section class=\"elementor-section elementor-top-section elementor-element elementor-element-e98cb29 elementor-section-boxed elementor-section-height-default elementor-section-height-default\" data-id=\"e98cb29\" data-element_type=\"section\" data-e-type=\"section\">\n\t\t\t\t\t\t<div class=\"elementor-container elementor-column-gap-default\">\n\t\t\t\t\t<div class=\"elementor-column elementor-col-100 elementor-top-column elementor-element elementor-element-a0b657b\" data-id=\"a0b657b\" data-element_type=\"column\" data-e-type=\"column\">\n\t\t\t<div class=\"elementor-widget-wrap elementor-element-populated\">\n\t\t\t\t\t\t<div class=\"elementor-element elementor-element-0257aff elementor-widget elementor-widget-creote-content-box-v1\" data-id=\"0257aff\" data-element_type=\"widget\" data-e-type=\"widget\" data-widget_type=\"creote-content-box-v1.default\">\n\t\t\t\t<div class=\"elementor-widget-container\">\n\t\t\t\t\t    \r\n<div class=\"content_box_cn  style_one\"\r\n     data-aos=\"fade-up\"\r\n    data-aos-delay=\"0\" >\r\n                <div class=\"txt_content\">\r\n                <h3>\r\n            <a href=\"#\"  target=&quot;_blank&quot;                 rel=&quot;nofollow&quot;>\r\n                Kullan\u0131m Alan\u0131            <\/a>\r\n        <\/h3>\r\n                        <p>\r\n            Zor kal\u0131p \u015fekillerinde, s\u0131k ve yo\u011fun donat\u0131l\u0131 kal\u0131p b\u00f6lgelerinde, p\u00fcr\u00fczs\u00fcz y\u00fczey istenen yap\u0131 elemanlar\u0131nda ve deprem g\u00fc\u00e7lendirme beton elemanlar\u0131 \u00e7al\u0131\u015fmalar\u0131nda kullan\u0131lmak \u00fczere  tasarlanm\u0131\u015ft\u0131r. \u00d6zel katk\u0131 ve agrega se\u00e7imi ile olu\u015fturulmu\u015f i\u00e7eri\u011fi sayesinde yerle\u015fme kabiliyeti art\u0131r\u0131lm\u0131\u015f  betondur.  En B\u00fcy\u00fck dane boyutu 11,2 mm. dir. En d\u00fc\u015f\u00fck beton s\u0131n\u0131f\u0131 C30\/37 dir.Zor kal\u0131p \u015fekillerinde, s\u0131k ve yo\u011fun donat\u0131l\u0131 kal\u0131p b\u00f6lgelerinde, p\u00fcr\u00fczs\u00fcz y\u00fczey istenen yap\u0131 elemanlar\u0131nda ve deprem g\u00fc\u00e7lendirme beton elemanlar\u0131 \u00e7al\u0131\u015fmalar\u0131nda kullan\u0131lmak \u00fczere  tasarlanm\u0131\u015ft\u0131r. \u00d6zel katk\u0131 ve agrega se\u00e7imi ile olu\u015fturulmu\u015f i\u00e7eri\u011fi sayesinde yerle\u015fme kabiliyeti art\u0131r\u0131lm\u0131\u015f  betondur.  En B\u00fcy\u00fck dane boyutu 11,2 mm. dir.  En d\u00fc\u015f\u00fck beton s\u0131n\u0131f\u0131 C30\/37 dir.<\/br>\n\n\n<strong>Avantajlar\u0131:.<\/strong><\/br>\n\nAk\u0131c\u0131 k\u0131vaml\u0131d\u0131r.\nVibrasyon ve s\u0131k\u0131\u015ft\u0131rma ihtiyac\u0131 olmadan yerle\u015fir.\nKolay i\u015flenebilir ve y\u00fczey bitirme i\u015flemi yap\u0131lmas\u0131n\u0131 sa\u011flar.\nS\u0131k donat\u0131lar\u0131n aras\u0131nda ve kompleks kal\u0131plarda kendili\u011finden yerle\u015fir.\nZaman ve i\u015f\u00e7ilik maliyetini a\u015fa\u011f\u0131ya \u00e7eker.\nBeton y\u00fczeylerinin daha d\u00fczg\u00fcn ve daha az bo\u015fluklu olmas\u0131 sa\u011flan\u0131r.\nD\u00fc\u015f\u00fck bo\u015fluk miktar\u0131 ile betonda durabiliteyi artt\u0131r\u0131r, ge\u00e7irimsizli\u011fi iyile\u015ftirir.\nNormal beton ile mukayese edildi\u011finde  donat\u0131 ile aderans\u0131  daha fazlad\u0131r.        <\/p>\r\n            <\/div>\r\n            <\/div>\r\n\t\t\t\t<\/div>\n\t\t\t\t<\/div>\n\t\t\t\t\t<\/div>\n\t\t<\/div>\n\t\t\t\t\t<\/div>\n\t\t<\/section>\n\t\t\t\t<\/div>\n\t\t","protected":false},"excerpt":{"rendered":"<p>\u00dcru\u0308n Tipi Kendili\u011finden Yerle\u015fen (S\u0131k\u0131\u015fan) Beton \u00dcru\u0308n Tan\u0131m\u0131 \u00dcru\u0308n Tipi CEM I 52,5 N \u00dcru\u0308n Tan\u0131m\u0131 TS EN 206 ve at\u0131fta bulundu\u011fu t\u00fcm standartlara ba\u011fl\u0131 kal\u0131narak Standarda G\u00f6re Tarif Edilmi\u015f Beton olarak \u00fcretim yap\u0131lmaktad\u0131r. Kullan\u0131m Alan\u0131 Zor kal\u0131p \u015fekillerinde, s\u0131k ve yo\u011fun donat\u0131l\u0131 kal\u0131p b\u00f6lgelerinde, p\u00fcr\u00fczs\u00fcz y\u00fczey istenen yap\u0131 elemanlar\u0131nda ve deprem g\u00fc\u00e7lendirme beton elemanlar\u0131 [&hellip;]<\/p>\n","protected":false},"author":1,"featured_media":0,"parent":0,"menu_order":0,"comment_status":"closed","ping_status":"closed","template":"template-boxed.php","meta":{"_mi_skip_tracking":false,"footnotes":""},"class_list":["post-5774","page","type-page","status-publish","hentry"],"_links":{"self":[{"href":"http:\/\/turkogluhazirbeton.com.tr\/index.php\/wp-json\/wp\/v2\/pages\/5774","targetHints":{"allow":["GET"]}}],"collection":[{"href":"http:\/\/turkogluhazirbeton.com.tr\/index.php\/wp-json\/wp\/v2\/pages"}],"about":[{"href":"http:\/\/turkogluhazirbeton.com.tr\/index.php\/wp-json\/wp\/v2\/types\/page"}],"author":[{"embeddable":true,"href":"http:\/\/turkogluhazirbeton.com.tr\/index.php\/wp-json\/wp\/v2\/users\/1"}],"replies":[{"embeddable":true,"href":"http:\/\/turkogluhazirbeton.com.tr\/index.php\/wp-json\/wp\/v2\/comments?post=5774"}],"version-history":[{"count":4,"href":"http:\/\/turkogluhazirbeton.com.tr\/index.php\/wp-json\/wp\/v2\/pages\/5774\/revisions"}],"predecessor-version":[{"id":5779,"href":"http:\/\/turkogluhazirbeton.com.tr\/index.php\/wp-json\/wp\/v2\/pages\/5774\/revisions\/5779"}],"wp:attachment":[{"href":"http:\/\/turkogluhazirbeton.com.tr\/index.php\/wp-json\/wp\/v2\/media?parent=5774"}],"curies":[{"name":"wp","href":"https:\/\/api.w.org\/{rel}","templated":true}]}}