{"id":5786,"date":"2022-04-09T08:15:54","date_gmt":"2022-04-09T08:15:54","guid":{"rendered":"http:\/\/turkogluhazirbeton.com.tr\/?page_id=5786"},"modified":"2022-04-09T08:29:00","modified_gmt":"2022-04-09T08:29:00","slug":"yol-saha-betonu-2","status":"publish","type":"page","link":"http:\/\/turkogluhazirbeton.com.tr\/index.php\/yol-saha-betonu-2\/","title":{"rendered":"Yol (Saha) Betonu"},"content":{"rendered":"\t\t<div data-elementor-type=\"wp-page\" data-elementor-id=\"5786\" class=\"elementor elementor-5786\">\n\t\t\t\t\t\t<section class=\"elementor-section elementor-top-section elementor-element elementor-element-6f98298 elementor-section-boxed elementor-section-height-default elementor-section-height-default\" data-id=\"6f98298\" data-element_type=\"section\" data-e-type=\"section\">\n\t\t\t\t\t\t<div class=\"elementor-container elementor-column-gap-default\">\n\t\t\t\t\t<div class=\"elementor-column elementor-col-100 elementor-top-column elementor-element elementor-element-40564a3\" data-id=\"40564a3\" data-element_type=\"column\" data-e-type=\"column\">\n\t\t\t<div class=\"elementor-widget-wrap elementor-element-populated\">\n\t\t\t\t\t\t<div class=\"elementor-element elementor-element-05fa3fc elementor-widget elementor-widget-creote-logo-v1\" data-id=\"05fa3fc\" data-element_type=\"widget\" data-e-type=\"widget\" data-widget_type=\"creote-logo-v1.default\">\n\t\t\t\t<div class=\"elementor-widget-container\">\n\t\t\t\t\t<div class=\"header_logo_box_solo\">\r\n   <a href=\"http:\/\/turkogluhazirbeton.com.tr\" class=\"logo navbar-brand\">\r\n   <img decoding=\"async\" src=\"http:\/\/turkogluhazirbeton.com.tr\/wp-content\/uploads\/2022\/04\/too.png\" alt=\"T&uuml;rko\u011flu Haz\u0131r Beton\" class=\"logo_default\">\r\n    \r\n   <\/a>\r\n<\/div>\r\n\t\t\t\t<\/div>\n\t\t\t\t<\/div>\n\t\t\t\t\t<\/div>\n\t\t<\/div>\n\t\t\t\t\t<\/div>\n\t\t<\/section>\n\t\t\t\t<section class=\"elementor-section elementor-top-section elementor-element elementor-element-4676ed3 elementor-section-boxed elementor-section-height-default elementor-section-height-default\" data-id=\"4676ed3\" data-element_type=\"section\" data-e-type=\"section\">\n\t\t\t\t\t\t<div class=\"elementor-container elementor-column-gap-default\">\n\t\t\t\t\t<div class=\"elementor-column elementor-col-100 elementor-top-column elementor-element elementor-element-4912c13\" data-id=\"4912c13\" data-element_type=\"column\" data-e-type=\"column\">\n\t\t\t<div class=\"elementor-widget-wrap\">\n\t\t\t\t\t\t\t<\/div>\n\t\t<\/div>\n\t\t\t\t\t<\/div>\n\t\t<\/section>\n\t\t\t\t<section class=\"elementor-section elementor-top-section elementor-element elementor-element-7b380d0 elementor-section-boxed elementor-section-height-default elementor-section-height-default\" data-id=\"7b380d0\" data-element_type=\"section\" data-e-type=\"section\">\n\t\t\t\t\t\t<div class=\"elementor-container elementor-column-gap-default\">\n\t\t\t\t\t<div class=\"elementor-column elementor-col-50 elementor-top-column elementor-element elementor-element-0a159ce\" data-id=\"0a159ce\" data-element_type=\"column\" data-e-type=\"column\">\n\t\t\t<div class=\"elementor-widget-wrap elementor-element-populated\">\n\t\t\t\t\t\t<div class=\"elementor-element elementor-element-0aa5983 e-transform elementor-invisible elementor-widget elementor-widget-creote-simple-image-box-v1\" data-id=\"0aa5983\" data-element_type=\"widget\" data-e-type=\"widget\" data-settings=\"{&quot;_animation&quot;:&quot;zoomIn&quot;,&quot;_transform_scale_effect&quot;:{&quot;unit&quot;:&quot;px&quot;,&quot;size&quot;:1,&quot;sizes&quot;:[]},&quot;_transform_scale_effect_tablet&quot;:{&quot;unit&quot;:&quot;px&quot;,&quot;size&quot;:&quot;&quot;,&quot;sizes&quot;:[]},&quot;_transform_scale_effect_mobile&quot;:{&quot;unit&quot;:&quot;px&quot;,&quot;size&quot;:&quot;&quot;,&quot;sizes&quot;:[]}}\" data-widget_type=\"creote-simple-image-box-v1.default\">\n\t\t\t\t<div class=\"elementor-widget-container\">\n\t\t\t\t\t<div class=\"simple_image_boxes  parallax_cover\"   data-aos=\"fade-up\" data-aos-delay=\"0\" >\r\n   <img decoding=\"async\" src=\"http:\/\/turkogluhazirbeton.com.tr\/wp-content\/uploads\/2022\/04\/road-1617368068.jpg\" class=\"simp_img cover-parallax\" alt=\"image\" \/>\r\n<\/div>\r\n\t\t\t\t<\/div>\n\t\t\t\t<\/div>\n\t\t\t\t\t<\/div>\n\t\t<\/div>\n\t\t\t\t<div class=\"elementor-column elementor-col-50 elementor-top-column elementor-element elementor-element-ba8c079\" data-id=\"ba8c079\" data-element_type=\"column\" data-e-type=\"column\">\n\t\t\t<div class=\"elementor-widget-wrap elementor-element-populated\">\n\t\t\t\t\t\t<div class=\"elementor-element elementor-element-4816bdb elementor-widget elementor-widget-creote-title-v1\" data-id=\"4816bdb\" data-element_type=\"widget\" data-e-type=\"widget\" data-widget_type=\"creote-title-v1.default\">\n\t\t\t\t<div class=\"elementor-widget-container\">\n\t\t\t\t\t<div class=\"title_all_box style_one  dark_color\" >\r\n         <div class=\"title_sections center\">\r\n            <div class=\"before_title\">\r\n         \u00dcru\u0308n Tipi      <\/div>\r\n                  <h2>  Yol (Saha) Betonu<\/h2>\r\n                  <p>  <strong>Kullan\u0131m Alan\u0131 <\/strong><\/br>\n\nBeton  yollar ;  yerli  olup, uzun \u00f6m\u00fcrl\u00fc, daha az bak\u0131m isteyen, ekonomik, konforlu, g\u00fcvenli ve y\u00fcksek performansl\u0131d\u0131r. Bu \u00f6zellikleri  ile  tercih edilmektedir.  S\u0131k aral\u0131kla ve y\u00fcksek tonaja maruz kalan yollarda uygulanmak \u00fczere tasarlanm\u0131\u015ft\u0131r. Beton yol i\u00e7eri\u011finde \u00f6zel agrega  gradasyonu  ve \u00f6zel beton katk\u0131lar\u0131 kullan\u0131lmaktad\u0131r. \u00c7atlaklar\u0131n azalt\u0131lmas\u0131, hava \u015fartlar\u0131na dayan\u0131kl\u0131l\u0131k ve i\u015flenebilirlik \u00f6n plandad\u0131r.   En d\u00fc\u015f\u00fck beton s\u0131n\u0131f\u0131 C25\/30 dur.\n<\/br><strong>Avantajlar\u0131\u0131 <\/strong><\/br>\nNormal betona g\u00f6re daha y\u00fcksek durabiliteye sahiptir.\nUzun \u00f6m\u00fcrl\u00fcd\u00fcr  ve daha az bak\u0131m gerektirir.\nKonforlu, g\u00fcvenli ve y\u00fcksek performansl\u0131d\u0131r.\nNormal betona g\u00f6re r\u00f6tre geli\u015fimi daha azd\u0131r.\nDonma \u00e7\u00f6z\u00fclme dayan\u0131m\u0131 daha y\u00fcksektir.\n\u00c7\u00f6kme de\u011feri (slump) s\u0131f\u0131ra kadar d\u00fc\u015f\u00fcr\u00fclebildi\u011finden silindir ile s\u0131k\u0131\u015ft\u0131rma y\u00f6ntemi kullan\u0131lmaya uygundur.<\/p>\r\n         <\/div>\r\n               \r\n<\/div>\r\n\t\t\t\t<\/div>\n\t\t\t\t<\/div>\n\t\t\t\t\t<\/div>\n\t\t<\/div>\n\t\t\t\t\t<\/div>\n\t\t<\/section>\n\t\t\t\t<\/div>\n\t\t","protected":false},"excerpt":{"rendered":"<p>\u00dcru\u0308n Tipi Yol (Saha) Betonu Kullan\u0131m Alan\u0131 Beton yollar ; yerli olup, uzun \u00f6m\u00fcrl\u00fc, daha az bak\u0131m isteyen, ekonomik, konforlu, g\u00fcvenli ve y\u00fcksek performansl\u0131d\u0131r. Bu \u00f6zellikleri ile tercih edilmektedir. S\u0131k aral\u0131kla ve y\u00fcksek tonaja maruz kalan yollarda uygulanmak \u00fczere tasarlanm\u0131\u015ft\u0131r. Beton yol i\u00e7eri\u011finde \u00f6zel agrega gradasyonu ve \u00f6zel beton katk\u0131lar\u0131 kullan\u0131lmaktad\u0131r. \u00c7atlaklar\u0131n azalt\u0131lmas\u0131, hava \u015fartlar\u0131na [&hellip;]<\/p>\n","protected":false},"author":1,"featured_media":0,"parent":0,"menu_order":0,"comment_status":"closed","ping_status":"closed","template":"template-boxed.php","meta":{"_mi_skip_tracking":false,"footnotes":""},"class_list":["post-5786","page","type-page","status-publish","hentry"],"_links":{"self":[{"href":"http:\/\/turkogluhazirbeton.com.tr\/index.php\/wp-json\/wp\/v2\/pages\/5786","targetHints":{"allow":["GET"]}}],"collection":[{"href":"http:\/\/turkogluhazirbeton.com.tr\/index.php\/wp-json\/wp\/v2\/pages"}],"about":[{"href":"http:\/\/turkogluhazirbeton.com.tr\/index.php\/wp-json\/wp\/v2\/types\/page"}],"author":[{"embeddable":true,"href":"http:\/\/turkogluhazirbeton.com.tr\/index.php\/wp-json\/wp\/v2\/users\/1"}],"replies":[{"embeddable":true,"href":"http:\/\/turkogluhazirbeton.com.tr\/index.php\/wp-json\/wp\/v2\/comments?post=5786"}],"version-history":[{"count":1,"href":"http:\/\/turkogluhazirbeton.com.tr\/index.php\/wp-json\/wp\/v2\/pages\/5786\/revisions"}],"predecessor-version":[{"id":5816,"href":"http:\/\/turkogluhazirbeton.com.tr\/index.php\/wp-json\/wp\/v2\/pages\/5786\/revisions\/5816"}],"wp:attachment":[{"href":"http:\/\/turkogluhazirbeton.com.tr\/index.php\/wp-json\/wp\/v2\/media?parent=5786"}],"curies":[{"name":"wp","href":"https:\/\/api.w.org\/{rel}","templated":true}]}}