{"id":5941,"date":"2022-04-12T09:30:20","date_gmt":"2022-04-12T09:30:20","guid":{"rendered":"http:\/\/turkogluhazirbeton.com.tr\/?page_id=5941"},"modified":"2022-04-12T10:26:09","modified_gmt":"2022-04-12T10:26:09","slug":"gecmeli-duvar-blogu","status":"publish","type":"page","link":"http:\/\/turkogluhazirbeton.com.tr\/index.php\/gecmeli-duvar-blogu\/","title":{"rendered":"GE\u00c7MEL\u0130 DUVAR BLO\u011eU"},"content":{"rendered":"\t\t<div data-elementor-type=\"wp-page\" data-elementor-id=\"5941\" class=\"elementor elementor-5941\">\n\t\t\t\t\t\t<section class=\"elementor-section elementor-top-section elementor-element elementor-element-6f98298 elementor-section-boxed elementor-section-height-default elementor-section-height-default\" data-id=\"6f98298\" data-element_type=\"section\" data-e-type=\"section\">\n\t\t\t\t\t\t<div class=\"elementor-container elementor-column-gap-default\">\n\t\t\t\t\t<div class=\"elementor-column elementor-col-100 elementor-top-column elementor-element elementor-element-40564a3\" data-id=\"40564a3\" data-element_type=\"column\" data-e-type=\"column\">\n\t\t\t<div class=\"elementor-widget-wrap elementor-element-populated\">\n\t\t\t\t\t\t<div class=\"elementor-element elementor-element-05fa3fc elementor-widget elementor-widget-creote-logo-v1\" data-id=\"05fa3fc\" data-element_type=\"widget\" data-e-type=\"widget\" data-widget_type=\"creote-logo-v1.default\">\n\t\t\t\t<div class=\"elementor-widget-container\">\n\t\t\t\t\t<div class=\"header_logo_box_solo\">\r\n   <a href=\"http:\/\/turkogluhazirbeton.com.tr\" class=\"logo navbar-brand\">\r\n   <img decoding=\"async\" src=\"http:\/\/turkogluhazirbeton.com.tr\/wp-content\/uploads\/2022\/04\/too.png\" alt=\"T&uuml;rko\u011flu Haz\u0131r Beton\" class=\"logo_default\">\r\n    \r\n   <\/a>\r\n<\/div>\r\n\t\t\t\t<\/div>\n\t\t\t\t<\/div>\n\t\t\t\t\t<\/div>\n\t\t<\/div>\n\t\t\t\t\t<\/div>\n\t\t<\/section>\n\t\t\t\t<section class=\"elementor-section elementor-top-section elementor-element elementor-element-4676ed3 elementor-section-boxed elementor-section-height-default elementor-section-height-default\" data-id=\"4676ed3\" data-element_type=\"section\" data-e-type=\"section\">\n\t\t\t\t\t\t<div class=\"elementor-container elementor-column-gap-default\">\n\t\t\t\t\t<div class=\"elementor-column elementor-col-100 elementor-top-column elementor-element elementor-element-4912c13\" data-id=\"4912c13\" data-element_type=\"column\" data-e-type=\"column\">\n\t\t\t<div class=\"elementor-widget-wrap\">\n\t\t\t\t\t\t\t<\/div>\n\t\t<\/div>\n\t\t\t\t\t<\/div>\n\t\t<\/section>\n\t\t\t\t<section class=\"elementor-section elementor-top-section elementor-element elementor-element-7b380d0 elementor-section-boxed elementor-section-height-default elementor-section-height-default\" data-id=\"7b380d0\" data-element_type=\"section\" data-e-type=\"section\">\n\t\t\t\t\t\t<div class=\"elementor-container elementor-column-gap-default\">\n\t\t\t\t\t<div class=\"elementor-column elementor-col-50 elementor-top-column elementor-element elementor-element-0a159ce\" data-id=\"0a159ce\" data-element_type=\"column\" data-e-type=\"column\">\n\t\t\t<div class=\"elementor-widget-wrap elementor-element-populated\">\n\t\t\t\t\t\t<div class=\"elementor-element elementor-element-0aa5983 e-transform elementor-invisible elementor-widget elementor-widget-creote-simple-image-box-v1\" data-id=\"0aa5983\" data-element_type=\"widget\" data-e-type=\"widget\" data-settings=\"{&quot;_animation&quot;:&quot;zoomIn&quot;,&quot;_transform_scale_effect&quot;:{&quot;unit&quot;:&quot;px&quot;,&quot;size&quot;:1,&quot;sizes&quot;:[]},&quot;_transform_scale_effect_tablet&quot;:{&quot;unit&quot;:&quot;px&quot;,&quot;size&quot;:&quot;&quot;,&quot;sizes&quot;:[]},&quot;_transform_scale_effect_mobile&quot;:{&quot;unit&quot;:&quot;px&quot;,&quot;size&quot;:&quot;&quot;,&quot;sizes&quot;:[]}}\" data-widget_type=\"creote-simple-image-box-v1.default\">\n\t\t\t\t<div class=\"elementor-widget-container\">\n\t\t\t\t\t<div class=\"simple_image_boxes  parallax_cover\"   data-aos=\"fade-up\" data-aos-delay=\"0\" >\r\n   <img decoding=\"async\" src=\"http:\/\/turkogluhazirbeton.com.tr\/wp-content\/uploads\/2022\/04\/gecmeli-blok-1592458786-1.jpg\" class=\"simp_img cover-parallax\" alt=\"image\" \/>\r\n<\/div>\r\n\t\t\t\t<\/div>\n\t\t\t\t<\/div>\n\t\t\t\t\t<\/div>\n\t\t<\/div>\n\t\t\t\t<div class=\"elementor-column elementor-col-50 elementor-top-column elementor-element elementor-element-ba8c079\" data-id=\"ba8c079\" data-element_type=\"column\" data-e-type=\"column\">\n\t\t\t<div class=\"elementor-widget-wrap elementor-element-populated\">\n\t\t\t\t\t\t<div class=\"elementor-element elementor-element-4816bdb elementor-widget elementor-widget-creote-title-v1\" data-id=\"4816bdb\" data-element_type=\"widget\" data-e-type=\"widget\" data-widget_type=\"creote-title-v1.default\">\n\t\t\t\t<div class=\"elementor-widget-container\">\n\t\t\t\t\t<div class=\"title_all_box style_one  dark_color\" >\r\n         <div class=\"title_sections center\">\r\n            <div class=\"before_title\">\r\n         \u00dcru\u0308n Tipi      <\/div>\r\n                  <h2>  GE\u00c7MEL\u0130 DUVAR BLO\u011eU\n<\/h2>\r\n                  <p>  <strong>\u00dcru\u0308n Standard\u0131<\/strong><\/br>\nTS EN 771-4<\/br>\n\n<strong>\u00dcru\u0308n Tan\u0131m\u0131<\/strong><\/br>\nTS EN 771-4 standard\u0131nda \u00fcretilen, TSE ve CE belgeli K\u00c7S Kipa\u015f Gazbeton Ge\u00e7meli Duvar Bloklar\u0131, d\u00fcz duvar bloklar\u0131 gibi yap\u0131larda i\u00e7 ve d\u0131\u015f duvarlarda, y\u0131\u011fma binalar\u0131n i\u00e7 ve d\u0131\u015f duvarlar\u0131nda kullan\u0131l\u0131r.\n\nIs\u0131 k\u00f6pr\u00fclerini azaltan ge\u00e7meli bloklarda d\u00fc\u015fey derzlerde tutkal uygulamas\u0131na gerek kalmaz. B\u00f6ylece; uygulama h\u0131z\u0131 artarken, tutkal t\u00fcketimi azal\u0131r.\n\nK\u00c7S Kipa\u015f Gazbeton olarak binalar\u0131n d\u0131\u015f cepheleri i\u00e7in \u00f6zel olarak iki adet lamba ve z\u0131vanal\u0131 \u00fcretim yapmaktay\u0131z, bu durum \u00f6rg\u00fc harc\u0131ndan kaynakl\u0131 \u0131s\u0131 ge\u00e7i\u015fini %90 oran\u0131nda engellemektedir.\n\nLamba ve z\u0131vana y\u00fczeylerine \u00f6rg\u00fc harc\u0131 s\u00fcr\u00fclmedi\u011fi i\u00e7in hem tasarruf hem de uygulama kolayl\u0131\u011f\u0131 sa\u011flamaktad\u0131r.\n\nLamba ve z\u0131vanalar sayesinde \u00f6rme i\u015flemlerinde kolayl\u0131k sa\u011flar.<\/p>\r\n         <\/div>\r\n               \r\n<\/div>\r\n\t\t\t\t<\/div>\n\t\t\t\t<\/div>\n\t\t\t\t\t<\/div>\n\t\t<\/div>\n\t\t\t\t\t<\/div>\n\t\t<\/section>\n\t\t\t\t<\/div>\n\t\t","protected":false},"excerpt":{"rendered":"<p>\u00dcru\u0308n Tipi GE\u00c7MEL\u0130 DUVAR BLO\u011eU \u00dcru\u0308n Standard\u0131 TS EN 771-4 \u00dcru\u0308n Tan\u0131m\u0131 TS EN 771-4 standard\u0131nda \u00fcretilen, TSE ve CE belgeli K\u00c7S Kipa\u015f Gazbeton Ge\u00e7meli Duvar Bloklar\u0131, d\u00fcz duvar bloklar\u0131 gibi yap\u0131larda i\u00e7 ve d\u0131\u015f duvarlarda, y\u0131\u011fma binalar\u0131n i\u00e7 ve d\u0131\u015f duvarlar\u0131nda kullan\u0131l\u0131r. Is\u0131 k\u00f6pr\u00fclerini azaltan ge\u00e7meli bloklarda d\u00fc\u015fey derzlerde tutkal uygulamas\u0131na gerek kalmaz. B\u00f6ylece; [&hellip;]<\/p>\n","protected":false},"author":1,"featured_media":0,"parent":0,"menu_order":0,"comment_status":"closed","ping_status":"closed","template":"template-boxed.php","meta":{"_mi_skip_tracking":false,"footnotes":""},"class_list":["post-5941","page","type-page","status-publish","hentry"],"_links":{"self":[{"href":"http:\/\/turkogluhazirbeton.com.tr\/index.php\/wp-json\/wp\/v2\/pages\/5941","targetHints":{"allow":["GET"]}}],"collection":[{"href":"http:\/\/turkogluhazirbeton.com.tr\/index.php\/wp-json\/wp\/v2\/pages"}],"about":[{"href":"http:\/\/turkogluhazirbeton.com.tr\/index.php\/wp-json\/wp\/v2\/types\/page"}],"author":[{"embeddable":true,"href":"http:\/\/turkogluhazirbeton.com.tr\/index.php\/wp-json\/wp\/v2\/users\/1"}],"replies":[{"embeddable":true,"href":"http:\/\/turkogluhazirbeton.com.tr\/index.php\/wp-json\/wp\/v2\/comments?post=5941"}],"version-history":[{"count":4,"href":"http:\/\/turkogluhazirbeton.com.tr\/index.php\/wp-json\/wp\/v2\/pages\/5941\/revisions"}],"predecessor-version":[{"id":5947,"href":"http:\/\/turkogluhazirbeton.com.tr\/index.php\/wp-json\/wp\/v2\/pages\/5941\/revisions\/5947"}],"wp:attachment":[{"href":"http:\/\/turkogluhazirbeton.com.tr\/index.php\/wp-json\/wp\/v2\/media?parent=5941"}],"curies":[{"name":"wp","href":"https:\/\/api.w.org\/{rel}","templated":true}]}}