{"id":5974,"date":"2022-04-12T10:47:18","date_gmt":"2022-04-12T10:47:18","guid":{"rendered":"http:\/\/turkogluhazirbeton.com.tr\/?page_id=5974"},"modified":"2022-04-12T12:50:37","modified_gmt":"2022-04-12T12:50:37","slug":"lento","status":"publish","type":"page","link":"http:\/\/turkogluhazirbeton.com.tr\/index.php\/lento\/","title":{"rendered":"LENTO"},"content":{"rendered":"\t\t<div data-elementor-type=\"wp-page\" data-elementor-id=\"5974\" class=\"elementor elementor-5974\">\n\t\t\t\t\t\t<section class=\"elementor-section elementor-top-section elementor-element elementor-element-6f98298 elementor-section-boxed elementor-section-height-default elementor-section-height-default\" data-id=\"6f98298\" data-element_type=\"section\" data-e-type=\"section\">\n\t\t\t\t\t\t<div class=\"elementor-container elementor-column-gap-default\">\n\t\t\t\t\t<div class=\"elementor-column elementor-col-100 elementor-top-column elementor-element elementor-element-40564a3\" data-id=\"40564a3\" data-element_type=\"column\" data-e-type=\"column\">\n\t\t\t<div class=\"elementor-widget-wrap elementor-element-populated\">\n\t\t\t\t\t\t<div class=\"elementor-element elementor-element-05fa3fc elementor-widget elementor-widget-creote-logo-v1\" data-id=\"05fa3fc\" data-element_type=\"widget\" data-e-type=\"widget\" data-widget_type=\"creote-logo-v1.default\">\n\t\t\t\t<div class=\"elementor-widget-container\">\n\t\t\t\t\t<div class=\"header_logo_box_solo\">\r\n   <a href=\"http:\/\/turkogluhazirbeton.com.tr\" class=\"logo navbar-brand\">\r\n   <img decoding=\"async\" src=\"http:\/\/turkogluhazirbeton.com.tr\/wp-content\/uploads\/2022\/04\/too.png\" alt=\"T&uuml;rko\u011flu Haz\u0131r Beton\" class=\"logo_default\">\r\n    \r\n   <\/a>\r\n<\/div>\r\n\t\t\t\t<\/div>\n\t\t\t\t<\/div>\n\t\t\t\t\t<\/div>\n\t\t<\/div>\n\t\t\t\t\t<\/div>\n\t\t<\/section>\n\t\t\t\t<section class=\"elementor-section elementor-top-section elementor-element elementor-element-4676ed3 elementor-section-boxed elementor-section-height-default elementor-section-height-default\" data-id=\"4676ed3\" data-element_type=\"section\" data-e-type=\"section\">\n\t\t\t\t\t\t<div class=\"elementor-container elementor-column-gap-default\">\n\t\t\t\t\t<div class=\"elementor-column elementor-col-100 elementor-top-column elementor-element elementor-element-4912c13\" data-id=\"4912c13\" data-element_type=\"column\" data-e-type=\"column\">\n\t\t\t<div class=\"elementor-widget-wrap\">\n\t\t\t\t\t\t\t<\/div>\n\t\t<\/div>\n\t\t\t\t\t<\/div>\n\t\t<\/section>\n\t\t\t\t<section class=\"elementor-section elementor-top-section elementor-element elementor-element-7b380d0 elementor-section-boxed elementor-section-height-default elementor-section-height-default\" data-id=\"7b380d0\" data-element_type=\"section\" data-e-type=\"section\">\n\t\t\t\t\t\t<div class=\"elementor-container elementor-column-gap-default\">\n\t\t\t\t\t<div class=\"elementor-column elementor-col-50 elementor-top-column elementor-element elementor-element-0a159ce\" data-id=\"0a159ce\" data-element_type=\"column\" data-e-type=\"column\">\n\t\t\t<div class=\"elementor-widget-wrap elementor-element-populated\">\n\t\t\t\t\t\t<div class=\"elementor-element elementor-element-0aa5983 e-transform elementor-invisible elementor-widget elementor-widget-creote-simple-image-box-v1\" data-id=\"0aa5983\" data-element_type=\"widget\" data-e-type=\"widget\" data-settings=\"{&quot;_animation&quot;:&quot;zoomIn&quot;,&quot;_transform_scale_effect&quot;:{&quot;unit&quot;:&quot;px&quot;,&quot;size&quot;:1,&quot;sizes&quot;:[]},&quot;_transform_scale_effect_tablet&quot;:{&quot;unit&quot;:&quot;px&quot;,&quot;size&quot;:&quot;&quot;,&quot;sizes&quot;:[]},&quot;_transform_scale_effect_mobile&quot;:{&quot;unit&quot;:&quot;px&quot;,&quot;size&quot;:&quot;&quot;,&quot;sizes&quot;:[]}}\" data-widget_type=\"creote-simple-image-box-v1.default\">\n\t\t\t\t<div class=\"elementor-widget-container\">\n\t\t\t\t\t<div class=\"simple_image_boxes  parallax_cover\"   data-aos=\"fade-up\" data-aos-delay=\"0\" >\r\n   <img decoding=\"async\" src=\"http:\/\/turkogluhazirbeton.com.tr\/wp-content\/uploads\/2022\/04\/lento.jpg\" class=\"simp_img cover-parallax\" alt=\"image\" \/>\r\n<\/div>\r\n\t\t\t\t<\/div>\n\t\t\t\t<\/div>\n\t\t\t\t\t<\/div>\n\t\t<\/div>\n\t\t\t\t<div class=\"elementor-column elementor-col-50 elementor-top-column elementor-element elementor-element-ba8c079\" data-id=\"ba8c079\" data-element_type=\"column\" data-e-type=\"column\">\n\t\t\t<div class=\"elementor-widget-wrap elementor-element-populated\">\n\t\t\t\t\t\t<div class=\"elementor-element elementor-element-4816bdb elementor-widget elementor-widget-creote-title-v1\" data-id=\"4816bdb\" data-element_type=\"widget\" data-e-type=\"widget\" data-widget_type=\"creote-title-v1.default\">\n\t\t\t\t<div class=\"elementor-widget-container\">\n\t\t\t\t\t<div class=\"title_all_box style_one  dark_color\" >\r\n         <div class=\"title_sections center\">\r\n            <div class=\"before_title\">\r\n         \u00dcru\u0308n Tipi      <\/div>\r\n                  <h2>  LENTO<\/h2>\r\n                  <p>  <strong>\u00dcru\u0308n Standard\u0131<\/strong><\/br>\nTS EN 845-2<\/br>\n\n<strong>\u00dcru\u0308n Tan\u0131m\u0131<\/strong><\/br>\nTS EN 845-2 Standard\u0131nda \u00fcretilen A1 S\u0131n\u0131f\u0131 hi\u00e7 yanmaz K\u00c7S Kipa\u015f Gazbeton Lento, i\u00e7 ve d\u0131\u015f duvarlardaki kap\u0131 ve pencere gibi a\u00e7\u0131kl\u0131klar\u0131 ge\u00e7ilmede kullan\u0131l\u0131r.<\/p>\r\n         <\/div>\r\n               \r\n<\/div>\r\n\t\t\t\t<\/div>\n\t\t\t\t<\/div>\n\t\t\t\t\t<\/div>\n\t\t<\/div>\n\t\t\t\t\t<\/div>\n\t\t<\/section>\n\t\t\t\t<section class=\"elementor-section elementor-top-section elementor-element elementor-element-d70febb elementor-section-boxed elementor-section-height-default elementor-section-height-default\" data-id=\"d70febb\" data-element_type=\"section\" data-e-type=\"section\">\n\t\t\t\t\t\t<div class=\"elementor-container elementor-column-gap-default\">\n\t\t\t\t\t<div class=\"elementor-column elementor-col-100 elementor-top-column elementor-element elementor-element-114c4bd\" data-id=\"114c4bd\" data-element_type=\"column\" data-e-type=\"column\">\n\t\t\t<div class=\"elementor-widget-wrap elementor-element-populated\">\n\t\t\t\t\t\t<div class=\"elementor-element elementor-element-12c545e elementor-widget elementor-widget-creote-title-v1\" data-id=\"12c545e\" data-element_type=\"widget\" data-e-type=\"widget\" data-widget_type=\"creote-title-v1.default\">\n\t\t\t\t<div class=\"elementor-widget-container\">\n\t\t\t\t\t<div class=\"title_all_box style_one  dark_color\" >\r\n         <div class=\"title_sections center\">\r\n                  <h2>  Kullan\u0131m Alanlar\u0131<\/h2>\r\n                  <p>  \u2022    K\u00c7S Kipa\u015f Gazbeton Lento, Gazbeton bloklar\u0131n yan\u0131 s\u0131ra, tu\u011fla, bims blok vb. \u00fcr\u00fcnler ile birlikte de rahatl\u0131kla kullan\u0131labilir.<\/br>\n\u2022    K\u00c7S Kipa\u015f Gazbeton Lento, yap\u0131mc\u0131ya h\u0131z kazand\u0131r\u0131rken  \u0131s\u0131 k\u00f6pr\u00fclerini ve yo\u011fu\u015fmalar\u0131 engeller.<\/br>\n\u2022    K\u00c7S Kipa\u015f Gazbeton Lento, yal\u0131t\u0131ml\u0131 lentolar\u0131n \u00f6l\u00e7\u00fcleri her t\u00fcrl\u00fc duvar ile uyumlu olup yerine kolayca monte edilir.<\/br>\n\u2022    K\u00c7S Kipa\u015f Gazbeton Lento, duvarlar\u0131n \u00f6r\u00fclmesinde zaman tasarrufu sa\u011flar.<\/br>\n\u2022    K\u00c7S Kipa\u015f Gazbeton Lento, hafifli\u011fi ile deprem g\u00fcvenli\u011fi sa\u011flar.<\/br><\/p>\r\n         <\/div>\r\n               \r\n<\/div>\r\n\t\t\t\t<\/div>\n\t\t\t\t<\/div>\n\t\t\t\t\t<\/div>\n\t\t<\/div>\n\t\t\t\t\t<\/div>\n\t\t<\/section>\n\t\t\t\t<\/div>\n\t\t","protected":false},"excerpt":{"rendered":"<p>\u00dcru\u0308n Tipi LENTO \u00dcru\u0308n Standard\u0131 TS EN 845-2 \u00dcru\u0308n Tan\u0131m\u0131 TS EN 845-2 Standard\u0131nda \u00fcretilen A1 S\u0131n\u0131f\u0131 hi\u00e7 yanmaz K\u00c7S Kipa\u015f Gazbeton Lento, i\u00e7 ve d\u0131\u015f duvarlardaki kap\u0131 ve pencere gibi a\u00e7\u0131kl\u0131klar\u0131 ge\u00e7ilmede kullan\u0131l\u0131r. Kullan\u0131m Alanlar\u0131 \u2022 K\u00c7S Kipa\u015f Gazbeton Lento, Gazbeton bloklar\u0131n yan\u0131 s\u0131ra, tu\u011fla, bims blok vb. \u00fcr\u00fcnler ile birlikte de rahatl\u0131kla kullan\u0131labilir. [&hellip;]<\/p>\n","protected":false},"author":1,"featured_media":0,"parent":0,"menu_order":0,"comment_status":"closed","ping_status":"closed","template":"template-boxed.php","meta":{"_mi_skip_tracking":false,"footnotes":""},"class_list":["post-5974","page","type-page","status-publish","hentry"],"_links":{"self":[{"href":"http:\/\/turkogluhazirbeton.com.tr\/index.php\/wp-json\/wp\/v2\/pages\/5974","targetHints":{"allow":["GET"]}}],"collection":[{"href":"http:\/\/turkogluhazirbeton.com.tr\/index.php\/wp-json\/wp\/v2\/pages"}],"about":[{"href":"http:\/\/turkogluhazirbeton.com.tr\/index.php\/wp-json\/wp\/v2\/types\/page"}],"author":[{"embeddable":true,"href":"http:\/\/turkogluhazirbeton.com.tr\/index.php\/wp-json\/wp\/v2\/users\/1"}],"replies":[{"embeddable":true,"href":"http:\/\/turkogluhazirbeton.com.tr\/index.php\/wp-json\/wp\/v2\/comments?post=5974"}],"version-history":[{"count":7,"href":"http:\/\/turkogluhazirbeton.com.tr\/index.php\/wp-json\/wp\/v2\/pages\/5974\/revisions"}],"predecessor-version":[{"id":6044,"href":"http:\/\/turkogluhazirbeton.com.tr\/index.php\/wp-json\/wp\/v2\/pages\/5974\/revisions\/6044"}],"wp:attachment":[{"href":"http:\/\/turkogluhazirbeton.com.tr\/index.php\/wp-json\/wp\/v2\/media?parent=5974"}],"curies":[{"name":"wp","href":"https:\/\/api.w.org\/{rel}","templated":true}]}}