{"id":5986,"date":"2022-04-12T12:13:20","date_gmt":"2022-04-12T12:13:20","guid":{"rendered":"http:\/\/turkogluhazirbeton.com.tr\/?page_id=5986"},"modified":"2022-04-12T12:16:21","modified_gmt":"2022-04-12T12:16:21","slug":"gazbeton-blok-orgu-harci","status":"publish","type":"page","link":"http:\/\/turkogluhazirbeton.com.tr\/index.php\/gazbeton-blok-orgu-harci\/","title":{"rendered":"GAZBETON BLOK \u00d6RG\u00dc HARCI"},"content":{"rendered":"\t\t<div data-elementor-type=\"wp-page\" data-elementor-id=\"5986\" class=\"elementor elementor-5986\">\n\t\t\t\t\t\t<section class=\"elementor-section elementor-top-section elementor-element elementor-element-6f98298 elementor-section-boxed elementor-section-height-default elementor-section-height-default\" data-id=\"6f98298\" data-element_type=\"section\" data-e-type=\"section\">\n\t\t\t\t\t\t<div class=\"elementor-container elementor-column-gap-default\">\n\t\t\t\t\t<div class=\"elementor-column elementor-col-100 elementor-top-column elementor-element elementor-element-40564a3\" data-id=\"40564a3\" data-element_type=\"column\" data-e-type=\"column\">\n\t\t\t<div class=\"elementor-widget-wrap elementor-element-populated\">\n\t\t\t\t\t\t<div class=\"elementor-element elementor-element-05fa3fc elementor-widget elementor-widget-creote-logo-v1\" data-id=\"05fa3fc\" data-element_type=\"widget\" data-e-type=\"widget\" data-widget_type=\"creote-logo-v1.default\">\n\t\t\t\t<div class=\"elementor-widget-container\">\n\t\t\t\t\t<div class=\"header_logo_box_solo\">\r\n   <a href=\"http:\/\/turkogluhazirbeton.com.tr\" class=\"logo navbar-brand\">\r\n   <img decoding=\"async\" src=\"http:\/\/turkogluhazirbeton.com.tr\/wp-content\/uploads\/2022\/04\/too.png\" alt=\"T&uuml;rko\u011flu Haz\u0131r Beton\" class=\"logo_default\">\r\n    \r\n   <\/a>\r\n<\/div>\r\n\t\t\t\t<\/div>\n\t\t\t\t<\/div>\n\t\t\t\t\t<\/div>\n\t\t<\/div>\n\t\t\t\t\t<\/div>\n\t\t<\/section>\n\t\t\t\t<section class=\"elementor-section elementor-top-section elementor-element elementor-element-4676ed3 elementor-section-boxed elementor-section-height-default elementor-section-height-default\" data-id=\"4676ed3\" data-element_type=\"section\" data-e-type=\"section\">\n\t\t\t\t\t\t<div class=\"elementor-container elementor-column-gap-default\">\n\t\t\t\t\t<div class=\"elementor-column elementor-col-100 elementor-top-column elementor-element elementor-element-4912c13\" data-id=\"4912c13\" data-element_type=\"column\" data-e-type=\"column\">\n\t\t\t<div class=\"elementor-widget-wrap\">\n\t\t\t\t\t\t\t<\/div>\n\t\t<\/div>\n\t\t\t\t\t<\/div>\n\t\t<\/section>\n\t\t\t\t<section class=\"elementor-section elementor-top-section elementor-element elementor-element-7b380d0 elementor-section-boxed elementor-section-height-default elementor-section-height-default\" data-id=\"7b380d0\" data-element_type=\"section\" data-e-type=\"section\">\n\t\t\t\t\t\t<div class=\"elementor-container elementor-column-gap-default\">\n\t\t\t\t\t<div class=\"elementor-column elementor-col-50 elementor-top-column elementor-element elementor-element-0a159ce\" data-id=\"0a159ce\" data-element_type=\"column\" data-e-type=\"column\">\n\t\t\t<div class=\"elementor-widget-wrap elementor-element-populated\">\n\t\t\t\t\t\t<div class=\"elementor-element elementor-element-0aa5983 e-transform elementor-invisible elementor-widget elementor-widget-creote-simple-image-box-v1\" data-id=\"0aa5983\" data-element_type=\"widget\" data-e-type=\"widget\" data-settings=\"{&quot;_animation&quot;:&quot;zoomIn&quot;,&quot;_transform_scale_effect&quot;:{&quot;unit&quot;:&quot;px&quot;,&quot;size&quot;:1,&quot;sizes&quot;:[]},&quot;_transform_scale_effect_tablet&quot;:{&quot;unit&quot;:&quot;px&quot;,&quot;size&quot;:&quot;&quot;,&quot;sizes&quot;:[]},&quot;_transform_scale_effect_mobile&quot;:{&quot;unit&quot;:&quot;px&quot;,&quot;size&quot;:&quot;&quot;,&quot;sizes&quot;:[]}}\" data-widget_type=\"creote-simple-image-box-v1.default\">\n\t\t\t\t<div class=\"elementor-widget-container\">\n\t\t\t\t\t<div class=\"simple_image_boxes  parallax_cover\"   data-aos=\"fade-up\" data-aos-delay=\"0\" >\r\n   <img decoding=\"async\" src=\"http:\/\/turkogluhazirbeton.com.tr\/wp-content\/uploads\/2022\/04\/gaz.jpg\" class=\"simp_img cover-parallax\" alt=\"image\" \/>\r\n<\/div>\r\n\t\t\t\t<\/div>\n\t\t\t\t<\/div>\n\t\t\t\t\t<\/div>\n\t\t<\/div>\n\t\t\t\t<div class=\"elementor-column elementor-col-50 elementor-top-column elementor-element elementor-element-ba8c079\" data-id=\"ba8c079\" data-element_type=\"column\" data-e-type=\"column\">\n\t\t\t<div class=\"elementor-widget-wrap elementor-element-populated\">\n\t\t\t\t\t\t<div class=\"elementor-element elementor-element-4816bdb elementor-widget elementor-widget-creote-title-v1\" data-id=\"4816bdb\" data-element_type=\"widget\" data-e-type=\"widget\" data-widget_type=\"creote-title-v1.default\">\n\t\t\t\t<div class=\"elementor-widget-container\">\n\t\t\t\t\t<div class=\"title_all_box style_one  dark_color\" >\r\n         <div class=\"title_sections center\">\r\n            <div class=\"before_title\">\r\n         \u00dcru\u0308n Tipi      <\/div>\r\n                  <h2>  GAZBETON BLOK \u00d6RG\u00dc HARCI<\/h2>\r\n                  <p>  <strong>\u00dcru\u0308n Standard\u0131<\/strong><\/br>\nTS EN 998-2<\/br>\n\n<strong>\u00dcru\u0308n Tan\u0131m\u0131<\/strong><\/br>\n\u00c7imento esasl\u0131, M10 dayan\u0131m s\u0131n\u0131f\u0131nda Gazbeton bloklarla duvar \u00f6rmek i\u00e7in \u00f6zel olarak geli\u015ftirilmi\u015f \u00fcst\u00fcn performansl\u0131 bir haz\u0131r har\u00e7t\u0131r. Bloklar\u0131n birbirine sa\u011flam bir \u015fekilde yap\u0131\u015fmas\u0131n\u0131 sa\u011flar. <\/p>\r\n         <\/div>\r\n               \r\n<\/div>\r\n\t\t\t\t<\/div>\n\t\t\t\t<\/div>\n\t\t\t\t\t<\/div>\n\t\t<\/div>\n\t\t\t\t\t<\/div>\n\t\t<\/section>\n\t\t\t\t<section class=\"elementor-section elementor-top-section elementor-element elementor-element-08341b5 elementor-section-boxed elementor-section-height-default elementor-section-height-default\" data-id=\"08341b5\" data-element_type=\"section\" data-e-type=\"section\">\n\t\t\t\t\t\t<div class=\"elementor-container elementor-column-gap-default\">\n\t\t\t\t\t<div class=\"elementor-column elementor-col-100 elementor-top-column elementor-element elementor-element-5af99fe\" data-id=\"5af99fe\" data-element_type=\"column\" data-e-type=\"column\">\n\t\t\t<div class=\"elementor-widget-wrap elementor-element-populated\">\n\t\t\t\t\t\t<div class=\"elementor-element elementor-element-fa50b99 elementor-widget elementor-widget-creote-title-v1\" data-id=\"fa50b99\" data-element_type=\"widget\" data-e-type=\"widget\" data-widget_type=\"creote-title-v1.default\">\n\t\t\t\t<div class=\"elementor-widget-container\">\n\t\t\t\t\t<div class=\"title_all_box style_one  dark_color\" >\r\n         <div class=\"title_sections center\">\r\n                  <h2>  Kullan\u0131m Alan\u0131<\/h2>\r\n                  <p>  \nTS EN 998\u20132 standard\u0131na uygun olarak \u00fcretilir ve \u00fcst\u00fcn yap\u0131\u015fma performans\u0131yla sa\u011flam duvarlar olu\u015fturur ve deprem g\u00fcvenli\u011fi sa\u011flar.<\/br>\nDerz kal\u0131nl\u0131klar\u0131n\u0131 minimize ederek, \u0131s\u0131 k\u00f6pr\u00fclerini engeller, \u0131s\u0131 yal\u0131t\u0131m\u0131n\u0131n g\u00fcc\u00fcn\u00fc art\u0131r\u0131r.<\/br>\nTa\u015f\u0131ma kolayl\u0131\u011f\u0131 sa\u011flayan 25 kg\u2019l\u0131k polietilen takviyeli Kraft ya da PP torbalarda sunulur, raf \u00f6mr\u00fc; rutubetsiz ortamda, en fazla 10 kat istifle, orijinal ambalaj\u0131nda 6 ayd\u0131r.<\/p>\r\n         <\/div>\r\n               \r\n<\/div>\r\n\t\t\t\t<\/div>\n\t\t\t\t<\/div>\n\t\t\t\t\t<\/div>\n\t\t<\/div>\n\t\t\t\t\t<\/div>\n\t\t<\/section>\n\t\t\t\t<\/div>\n\t\t","protected":false},"excerpt":{"rendered":"<p>\u00dcru\u0308n Tipi GAZBETON BLOK \u00d6RG\u00dc HARCI \u00dcru\u0308n Standard\u0131 TS EN 998-2 \u00dcru\u0308n Tan\u0131m\u0131 \u00c7imento esasl\u0131, M10 dayan\u0131m s\u0131n\u0131f\u0131nda Gazbeton bloklarla duvar \u00f6rmek i\u00e7in \u00f6zel olarak geli\u015ftirilmi\u015f \u00fcst\u00fcn performansl\u0131 bir haz\u0131r har\u00e7t\u0131r. Bloklar\u0131n birbirine sa\u011flam bir \u015fekilde yap\u0131\u015fmas\u0131n\u0131 sa\u011flar. Kullan\u0131m Alan\u0131 TS EN 998\u20132 standard\u0131na uygun olarak \u00fcretilir ve \u00fcst\u00fcn yap\u0131\u015fma performans\u0131yla sa\u011flam duvarlar olu\u015fturur ve [&hellip;]<\/p>\n","protected":false},"author":1,"featured_media":0,"parent":0,"menu_order":0,"comment_status":"closed","ping_status":"closed","template":"template-boxed.php","meta":{"_mi_skip_tracking":false,"footnotes":""},"class_list":["post-5986","page","type-page","status-publish","hentry"],"_links":{"self":[{"href":"http:\/\/turkogluhazirbeton.com.tr\/index.php\/wp-json\/wp\/v2\/pages\/5986","targetHints":{"allow":["GET"]}}],"collection":[{"href":"http:\/\/turkogluhazirbeton.com.tr\/index.php\/wp-json\/wp\/v2\/pages"}],"about":[{"href":"http:\/\/turkogluhazirbeton.com.tr\/index.php\/wp-json\/wp\/v2\/types\/page"}],"author":[{"embeddable":true,"href":"http:\/\/turkogluhazirbeton.com.tr\/index.php\/wp-json\/wp\/v2\/users\/1"}],"replies":[{"embeddable":true,"href":"http:\/\/turkogluhazirbeton.com.tr\/index.php\/wp-json\/wp\/v2\/comments?post=5986"}],"version-history":[{"count":4,"href":"http:\/\/turkogluhazirbeton.com.tr\/index.php\/wp-json\/wp\/v2\/pages\/5986\/revisions"}],"predecessor-version":[{"id":5990,"href":"http:\/\/turkogluhazirbeton.com.tr\/index.php\/wp-json\/wp\/v2\/pages\/5986\/revisions\/5990"}],"wp:attachment":[{"href":"http:\/\/turkogluhazirbeton.com.tr\/index.php\/wp-json\/wp\/v2\/media?parent=5986"}],"curies":[{"name":"wp","href":"https:\/\/api.w.org\/{rel}","templated":true}]}}