{"id":6006,"date":"2022-04-12T12:30:03","date_gmt":"2022-04-12T12:30:03","guid":{"rendered":"http:\/\/turkogluhazirbeton.com.tr\/?page_id=6006"},"modified":"2022-04-12T12:36:31","modified_gmt":"2022-04-12T12:36:31","slug":"duz-duvar-blogu4","status":"publish","type":"page","link":"http:\/\/turkogluhazirbeton.com.tr\/index.php\/duz-duvar-blogu4\/","title":{"rendered":"D\u00dcZ DUVAR BLOKLARI"},"content":{"rendered":"\t\t<div data-elementor-type=\"wp-page\" data-elementor-id=\"6006\" class=\"elementor elementor-6006\">\n\t\t\t\t\t\t<section class=\"elementor-section elementor-top-section elementor-element elementor-element-6f98298 elementor-section-boxed elementor-section-height-default elementor-section-height-default\" data-id=\"6f98298\" data-element_type=\"section\" data-e-type=\"section\">\n\t\t\t\t\t\t<div class=\"elementor-container elementor-column-gap-default\">\n\t\t\t\t\t<div class=\"elementor-column elementor-col-100 elementor-top-column elementor-element elementor-element-40564a3\" data-id=\"40564a3\" data-element_type=\"column\" data-e-type=\"column\">\n\t\t\t<div class=\"elementor-widget-wrap elementor-element-populated\">\n\t\t\t\t\t\t<div class=\"elementor-element elementor-element-05fa3fc elementor-widget elementor-widget-creote-logo-v1\" data-id=\"05fa3fc\" data-element_type=\"widget\" data-e-type=\"widget\" data-widget_type=\"creote-logo-v1.default\">\n\t\t\t\t<div class=\"elementor-widget-container\">\n\t\t\t\t\t<div class=\"header_logo_box_solo\">\r\n   <a href=\"http:\/\/turkogluhazirbeton.com.tr\" class=\"logo navbar-brand\">\r\n   <img decoding=\"async\" src=\"http:\/\/turkogluhazirbeton.com.tr\/wp-content\/uploads\/2022\/04\/too.png\" alt=\"T&uuml;rko\u011flu Haz\u0131r Beton\" class=\"logo_default\">\r\n    \r\n   <\/a>\r\n<\/div>\r\n\t\t\t\t<\/div>\n\t\t\t\t<\/div>\n\t\t\t\t\t<\/div>\n\t\t<\/div>\n\t\t\t\t\t<\/div>\n\t\t<\/section>\n\t\t\t\t<section class=\"elementor-section elementor-top-section elementor-element elementor-element-4676ed3 elementor-section-boxed elementor-section-height-default elementor-section-height-default\" data-id=\"4676ed3\" data-element_type=\"section\" data-e-type=\"section\">\n\t\t\t\t\t\t<div class=\"elementor-container elementor-column-gap-default\">\n\t\t\t\t\t<div class=\"elementor-column elementor-col-100 elementor-top-column elementor-element elementor-element-4912c13\" data-id=\"4912c13\" data-element_type=\"column\" data-e-type=\"column\">\n\t\t\t<div class=\"elementor-widget-wrap\">\n\t\t\t\t\t\t\t<\/div>\n\t\t<\/div>\n\t\t\t\t\t<\/div>\n\t\t<\/section>\n\t\t\t\t<section class=\"elementor-section elementor-top-section elementor-element elementor-element-7b380d0 elementor-section-boxed elementor-section-height-default elementor-section-height-default\" data-id=\"7b380d0\" data-element_type=\"section\" data-e-type=\"section\">\n\t\t\t\t\t\t<div class=\"elementor-container elementor-column-gap-default\">\n\t\t\t\t\t<div class=\"elementor-column elementor-col-50 elementor-top-column elementor-element elementor-element-0a159ce\" data-id=\"0a159ce\" data-element_type=\"column\" data-e-type=\"column\">\n\t\t\t<div class=\"elementor-widget-wrap elementor-element-populated\">\n\t\t\t\t\t\t<div class=\"elementor-element elementor-element-0aa5983 e-transform elementor-invisible elementor-widget elementor-widget-creote-simple-image-box-v1\" data-id=\"0aa5983\" data-element_type=\"widget\" data-e-type=\"widget\" data-settings=\"{&quot;_animation&quot;:&quot;zoomIn&quot;,&quot;_transform_scale_effect&quot;:{&quot;unit&quot;:&quot;px&quot;,&quot;size&quot;:1,&quot;sizes&quot;:[]},&quot;_transform_scale_effect_tablet&quot;:{&quot;unit&quot;:&quot;px&quot;,&quot;size&quot;:&quot;&quot;,&quot;sizes&quot;:[]},&quot;_transform_scale_effect_mobile&quot;:{&quot;unit&quot;:&quot;px&quot;,&quot;size&quot;:&quot;&quot;,&quot;sizes&quot;:[]}}\" data-widget_type=\"creote-simple-image-box-v1.default\">\n\t\t\t\t<div class=\"elementor-widget-container\">\n\t\t\t\t\t<div class=\"simple_image_boxes  parallax_cover\"   data-aos=\"fade-up\" data-aos-delay=\"0\" >\r\n   <img decoding=\"async\" src=\"http:\/\/turkogluhazirbeton.com.tr\/wp-content\/uploads\/2022\/04\/duz-block-1597949562.jpg\" class=\"simp_img cover-parallax\" alt=\"image\" \/>\r\n<\/div>\r\n\t\t\t\t<\/div>\n\t\t\t\t<\/div>\n\t\t\t\t\t<\/div>\n\t\t<\/div>\n\t\t\t\t<div class=\"elementor-column elementor-col-50 elementor-top-column elementor-element elementor-element-ba8c079\" data-id=\"ba8c079\" data-element_type=\"column\" data-e-type=\"column\">\n\t\t\t<div class=\"elementor-widget-wrap elementor-element-populated\">\n\t\t\t\t\t\t<div class=\"elementor-element elementor-element-4816bdb elementor-widget elementor-widget-creote-title-v1\" data-id=\"4816bdb\" data-element_type=\"widget\" data-e-type=\"widget\" data-widget_type=\"creote-title-v1.default\">\n\t\t\t\t<div class=\"elementor-widget-container\">\n\t\t\t\t\t<div class=\"title_all_box style_one  dark_color\" >\r\n         <div class=\"title_sections center\">\r\n            <div class=\"before_title\">\r\n         \u00dcru\u0308n Tipi      <\/div>\r\n                  <h2>  D\u00dcZ DUVAR BLO\u011eU\n<\/h2>\r\n                  <p>  <strong>\u00dcru\u0308n Standard\u0131<\/strong><\/br>\nTS EN 771-4<\/br>\n\n<strong>\u00dcru\u0308n Tan\u0131m\u0131<\/strong><\/br>\nK\u00c7S Kipa\u015f Gazbeton Blok \u00dcr\u00fcnleri; TS EN 771-4 standard\u0131nda TSE ve CE belgeli olarak \u00fcretilerek; y\u0131\u011fma binalarda dahil olmak \u00fczere her t\u00fcrl\u00fc yap\u0131, i\u00e7 ve d\u0131\u015f duvarlar\u0131nda kullan\u0131lan kendinden yal\u0131t\u0131ml\u0131 yap\u0131 malzemeleridir.\n\nY\u00fcksek \u0131s\u0131 yal\u0131t\u0131m\u0131, hi\u00e7 yanmaz olmas\u0131, d\u00fczg\u00fcn ve y\u00fcksek hassasiyete sahip boyutlar\u0131, hafifli\u011fi ile yap\u0131larda enerji tasarrufu sa\u011flarken konfor ve g\u00fcvenli\u011fi bir arada sunar.\n\nBlok \u00fcr\u00fcnler, tasar\u0131mc\u0131ya \u00f6zg\u00fcrl\u00fck sunarken, yap\u0131mc\u0131ya zaman, malzeme ve i\u015f\u00e7ilikten tasarruf sa\u011flarken hem ekonomik hem de fonksiyonel \u00e7\u00f6z\u00fcmler yarat\u0131r.<\/p>\r\n         <\/div>\r\n               \r\n<\/div>\r\n\t\t\t\t<\/div>\n\t\t\t\t<\/div>\n\t\t\t\t\t<\/div>\n\t\t<\/div>\n\t\t\t\t\t<\/div>\n\t\t<\/section>\n\t\t\t\t<section class=\"elementor-section elementor-top-section elementor-element elementor-element-08341b5 elementor-section-boxed elementor-section-height-default elementor-section-height-default\" data-id=\"08341b5\" data-element_type=\"section\" data-e-type=\"section\">\n\t\t\t\t\t\t<div class=\"elementor-container elementor-column-gap-default\">\n\t\t\t\t\t<div class=\"elementor-column elementor-col-100 elementor-top-column elementor-element elementor-element-5af99fe\" data-id=\"5af99fe\" data-element_type=\"column\" data-e-type=\"column\">\n\t\t\t<div class=\"elementor-widget-wrap elementor-element-populated\">\n\t\t\t\t\t\t<div class=\"elementor-element elementor-element-fa50b99 elementor-widget elementor-widget-creote-title-v1\" data-id=\"fa50b99\" data-element_type=\"widget\" data-e-type=\"widget\" data-widget_type=\"creote-title-v1.default\">\n\t\t\t\t<div class=\"elementor-widget-container\">\n\t\t\t\t\t<div class=\"title_all_box style_one  dark_color\" >\r\n         <div class=\"title_sections center\">\r\n                  <h2>  Kullan\u0131m Alan\u0131<\/h2>\r\n                  <p>  \n K\u00c7S Kipa\u015f Gazbeton, G2\/400 S\u0131n\u0131f\u0131nda 0,086 W\/m.K Is\u0131l \u0130letkenlik De\u011feri ile s\u0131n\u0131f\u0131nda ilk ve tektir..<\/br>\n\n\u2022    K\u00c7S Kipa\u015f Gazbeton, her t\u00fcrl\u00fc yap\u0131 sisteminde i\u00e7 ve d\u0131\u015f duvarlar\u0131nda kullan\u0131labilir,.<\/br>\n\u2022    K\u00c7S Kipa\u015f Gazbeton, \u00fcr\u00fcnlerine \u00fclkemizin her yerinden h\u0131zla ula\u015f\u0131labilir,.<\/br>\n\u2022    K\u00c7S Kipa\u015f Gazbeton, g\u00f6zenekli yap\u0131s\u0131 sayesinde duvarlar\u0131n nefes almas\u0131n\u0131 sa\u011flar,.<\/br>\n\u2022    K\u00c7S Kipa\u015f Gazbeton, g\u00f6zenekli ve hafif yap\u0131s\u0131 sayesinde \u0131s\u0131 yal\u0131t\u0131m\u0131 sa\u011flar,.<\/br>\n\u2022    K\u00c7S Kipa\u015f Gazbeton, bile\u015fenleri sayesinde duvarlarda mantar, k\u00fcf ve bakteri olu\u015fumunu engeller,.<\/br>\n\u2022    K\u00c7S Kipa\u015f Gazbeton, hafifli\u011fi sayesinde yap\u0131n\u0131n ta\u015f\u0131y\u0131c\u0131 sistemine binen y\u00fck\u00fc azaltarak, deprem g\u00fcvenli\u011fi sa\u011flar,.<\/br>\n\u2022    K\u00c7S Kipa\u015f Gazbeton, A1 S\u0131n\u0131f\u0131 hi\u00e7 yanmaz \u00f6zelli\u011fi ile yang\u0131n g\u00fcvenli\u011fi sa\u011flar, ayn\u0131 zamanda yang\u0131n bariyeri olarak da kullan\u0131labilir, .<\/br>\n\u2022    K\u00c7S Kipa\u015f Gazbeton, hafif olmas\u0131 ve kolay i\u015flenebilmesi sayesinde uygulama rahatl\u0131\u011f\u0131 ve h\u0131z\u0131 sunarken az fire ile \u00e7al\u0131\u015f\u0131lmas\u0131na olanak sa\u011flar..<\/br><\/p>\r\n         <\/div>\r\n               \r\n<\/div>\r\n\t\t\t\t<\/div>\n\t\t\t\t<\/div>\n\t\t\t\t\t<\/div>\n\t\t<\/div>\n\t\t\t\t\t<\/div>\n\t\t<\/section>\n\t\t\t\t<\/div>\n\t\t","protected":false},"excerpt":{"rendered":"<p>\u00dcru\u0308n Tipi D\u00dcZ DUVAR BLO\u011eU \u00dcru\u0308n Standard\u0131 TS EN 771-4 \u00dcru\u0308n Tan\u0131m\u0131 K\u00c7S Kipa\u015f Gazbeton Blok \u00dcr\u00fcnleri; TS EN 771-4 standard\u0131nda TSE ve CE belgeli olarak \u00fcretilerek; y\u0131\u011fma binalarda dahil olmak \u00fczere her t\u00fcrl\u00fc yap\u0131, i\u00e7 ve d\u0131\u015f duvarlar\u0131nda kullan\u0131lan kendinden yal\u0131t\u0131ml\u0131 yap\u0131 malzemeleridir. Y\u00fcksek \u0131s\u0131 yal\u0131t\u0131m\u0131, hi\u00e7 yanmaz olmas\u0131, d\u00fczg\u00fcn ve y\u00fcksek hassasiyete sahip [&hellip;]<\/p>\n","protected":false},"author":1,"featured_media":0,"parent":0,"menu_order":0,"comment_status":"closed","ping_status":"closed","template":"template-boxed.php","meta":{"_mi_skip_tracking":false,"footnotes":""},"class_list":["post-6006","page","type-page","status-publish","hentry"],"_links":{"self":[{"href":"http:\/\/turkogluhazirbeton.com.tr\/index.php\/wp-json\/wp\/v2\/pages\/6006","targetHints":{"allow":["GET"]}}],"collection":[{"href":"http:\/\/turkogluhazirbeton.com.tr\/index.php\/wp-json\/wp\/v2\/pages"}],"about":[{"href":"http:\/\/turkogluhazirbeton.com.tr\/index.php\/wp-json\/wp\/v2\/types\/page"}],"author":[{"embeddable":true,"href":"http:\/\/turkogluhazirbeton.com.tr\/index.php\/wp-json\/wp\/v2\/users\/1"}],"replies":[{"embeddable":true,"href":"http:\/\/turkogluhazirbeton.com.tr\/index.php\/wp-json\/wp\/v2\/comments?post=6006"}],"version-history":[{"count":5,"href":"http:\/\/turkogluhazirbeton.com.tr\/index.php\/wp-json\/wp\/v2\/pages\/6006\/revisions"}],"predecessor-version":[{"id":6011,"href":"http:\/\/turkogluhazirbeton.com.tr\/index.php\/wp-json\/wp\/v2\/pages\/6006\/revisions\/6011"}],"wp:attachment":[{"href":"http:\/\/turkogluhazirbeton.com.tr\/index.php\/wp-json\/wp\/v2\/media?parent=6006"}],"curies":[{"name":"wp","href":"https:\/\/api.w.org\/{rel}","templated":true}]}}