{"id":6048,"date":"2022-04-12T12:53:32","date_gmt":"2022-04-12T12:53:32","guid":{"rendered":"http:\/\/turkogluhazirbeton.com.tr\/?page_id=6048"},"modified":"2022-04-12T12:56:24","modified_gmt":"2022-04-12T12:56:24","slug":"asmolen4","status":"publish","type":"page","link":"http:\/\/turkogluhazirbeton.com.tr\/index.php\/asmolen4\/","title":{"rendered":"ASMOLEN"},"content":{"rendered":"\t\t<div data-elementor-type=\"wp-page\" data-elementor-id=\"6048\" class=\"elementor elementor-6048\">\n\t\t\t\t\t\t<section class=\"elementor-section elementor-top-section elementor-element elementor-element-6f98298 elementor-section-boxed elementor-section-height-default elementor-section-height-default\" data-id=\"6f98298\" data-element_type=\"section\" data-e-type=\"section\">\n\t\t\t\t\t\t<div class=\"elementor-container elementor-column-gap-default\">\n\t\t\t\t\t<div class=\"elementor-column elementor-col-100 elementor-top-column elementor-element elementor-element-40564a3\" data-id=\"40564a3\" data-element_type=\"column\" data-e-type=\"column\">\n\t\t\t<div class=\"elementor-widget-wrap elementor-element-populated\">\n\t\t\t\t\t\t<div class=\"elementor-element elementor-element-05fa3fc elementor-widget elementor-widget-creote-logo-v1\" data-id=\"05fa3fc\" data-element_type=\"widget\" data-e-type=\"widget\" data-widget_type=\"creote-logo-v1.default\">\n\t\t\t\t<div class=\"elementor-widget-container\">\n\t\t\t\t\t<div class=\"header_logo_box_solo\">\r\n   <a href=\"http:\/\/turkogluhazirbeton.com.tr\" class=\"logo navbar-brand\">\r\n   <img decoding=\"async\" src=\"http:\/\/turkogluhazirbeton.com.tr\/wp-content\/uploads\/2022\/04\/too.png\" alt=\"T&uuml;rko\u011flu Haz\u0131r Beton\" class=\"logo_default\">\r\n    \r\n   <\/a>\r\n<\/div>\r\n\t\t\t\t<\/div>\n\t\t\t\t<\/div>\n\t\t\t\t\t<\/div>\n\t\t<\/div>\n\t\t\t\t\t<\/div>\n\t\t<\/section>\n\t\t\t\t<section class=\"elementor-section elementor-top-section elementor-element elementor-element-4676ed3 elementor-section-boxed elementor-section-height-default elementor-section-height-default\" data-id=\"4676ed3\" data-element_type=\"section\" data-e-type=\"section\">\n\t\t\t\t\t\t<div class=\"elementor-container elementor-column-gap-default\">\n\t\t\t\t\t<div class=\"elementor-column elementor-col-100 elementor-top-column elementor-element elementor-element-4912c13\" data-id=\"4912c13\" data-element_type=\"column\" data-e-type=\"column\">\n\t\t\t<div class=\"elementor-widget-wrap\">\n\t\t\t\t\t\t\t<\/div>\n\t\t<\/div>\n\t\t\t\t\t<\/div>\n\t\t<\/section>\n\t\t\t\t<section class=\"elementor-section elementor-top-section elementor-element elementor-element-7b380d0 elementor-section-boxed elementor-section-height-default elementor-section-height-default\" data-id=\"7b380d0\" data-element_type=\"section\" data-e-type=\"section\">\n\t\t\t\t\t\t<div class=\"elementor-container elementor-column-gap-default\">\n\t\t\t\t\t<div class=\"elementor-column elementor-col-50 elementor-top-column elementor-element elementor-element-0a159ce\" data-id=\"0a159ce\" data-element_type=\"column\" data-e-type=\"column\">\n\t\t\t<div class=\"elementor-widget-wrap elementor-element-populated\">\n\t\t\t\t\t\t<div class=\"elementor-element elementor-element-0aa5983 e-transform elementor-invisible elementor-widget elementor-widget-creote-simple-image-box-v1\" data-id=\"0aa5983\" data-element_type=\"widget\" data-e-type=\"widget\" data-settings=\"{&quot;_animation&quot;:&quot;zoomIn&quot;,&quot;_transform_scale_effect&quot;:{&quot;unit&quot;:&quot;px&quot;,&quot;size&quot;:1,&quot;sizes&quot;:[]},&quot;_transform_scale_effect_tablet&quot;:{&quot;unit&quot;:&quot;px&quot;,&quot;size&quot;:&quot;&quot;,&quot;sizes&quot;:[]},&quot;_transform_scale_effect_mobile&quot;:{&quot;unit&quot;:&quot;px&quot;,&quot;size&quot;:&quot;&quot;,&quot;sizes&quot;:[]}}\" data-widget_type=\"creote-simple-image-box-v1.default\">\n\t\t\t\t<div class=\"elementor-widget-container\">\n\t\t\t\t\t<div class=\"simple_image_boxes  parallax_cover\"   data-aos=\"fade-up\" data-aos-delay=\"0\" >\r\n   <img decoding=\"async\" src=\"http:\/\/turkogluhazirbeton.com.tr\/wp-content\/uploads\/2022\/04\/asmolen.jpg\" class=\"simp_img cover-parallax\" alt=\"image\" \/>\r\n<\/div>\r\n\t\t\t\t<\/div>\n\t\t\t\t<\/div>\n\t\t\t\t\t<\/div>\n\t\t<\/div>\n\t\t\t\t<div class=\"elementor-column elementor-col-50 elementor-top-column elementor-element elementor-element-ba8c079\" data-id=\"ba8c079\" data-element_type=\"column\" data-e-type=\"column\">\n\t\t\t<div class=\"elementor-widget-wrap elementor-element-populated\">\n\t\t\t\t\t\t<div class=\"elementor-element elementor-element-4816bdb elementor-widget elementor-widget-creote-title-v1\" data-id=\"4816bdb\" data-element_type=\"widget\" data-e-type=\"widget\" data-widget_type=\"creote-title-v1.default\">\n\t\t\t\t<div class=\"elementor-widget-container\">\n\t\t\t\t\t<div class=\"title_all_box style_one  dark_color\" >\r\n         <div class=\"title_sections center\">\r\n            <div class=\"before_title\">\r\n         \u00dcru\u0308n Tipi      <\/div>\r\n                  <h2>  ASMOLEN<\/h2>\r\n                  <p>  <strong>\u00dcru\u0308n Standard\u0131<\/strong><\/br>\nTS 13888<\/br>\n\n<strong>\u00dcru\u0308n Tan\u0131m\u0131<\/strong><\/br>\nHerhangi bir y\u00fck ta\u015f\u0131ma \u00f6zelli\u011fi bulunmayan ve di\u015fli d\u00f6\u015femeler aras\u0131n\u0131 doldurmak \u00fczere kullan\u0131lmakta olan \u00e7ok hafif dolgu malzemesine verilen isimdir. \n\nTS 13888 standard\u0131nda \u00fcretilerek d\u00f6\u015femelerde ses ve \u0131s\u0131 yal\u0131t\u0131m\u0131 sa\u011flayarak yap\u0131 konforunu art\u0131r\u0131r.<\/p>\r\n         <\/div>\r\n               \r\n<\/div>\r\n\t\t\t\t<\/div>\n\t\t\t\t<\/div>\n\t\t\t\t\t<\/div>\n\t\t<\/div>\n\t\t\t\t\t<\/div>\n\t\t<\/section>\n\t\t\t\t<section class=\"elementor-section elementor-top-section elementor-element elementor-element-d70febb elementor-section-boxed elementor-section-height-default elementor-section-height-default\" data-id=\"d70febb\" data-element_type=\"section\" data-e-type=\"section\">\n\t\t\t\t\t\t<div class=\"elementor-container elementor-column-gap-default\">\n\t\t\t\t\t<div class=\"elementor-column elementor-col-100 elementor-top-column elementor-element elementor-element-114c4bd\" data-id=\"114c4bd\" data-element_type=\"column\" data-e-type=\"column\">\n\t\t\t<div class=\"elementor-widget-wrap elementor-element-populated\">\n\t\t\t\t\t\t<div class=\"elementor-element elementor-element-12c545e elementor-widget elementor-widget-creote-title-v1\" data-id=\"12c545e\" data-element_type=\"widget\" data-e-type=\"widget\" data-widget_type=\"creote-title-v1.default\">\n\t\t\t\t<div class=\"elementor-widget-container\">\n\t\t\t\t\t<div class=\"title_all_box style_one  dark_color\" >\r\n         <div class=\"title_sections center\">\r\n                  <h2>  Kullan\u0131m Alanlar\u0131<\/h2>\r\n                  <p>  \nBetonarme Asmolen D\u00f6\u015femelerde Hafif Dolgu Malzemesi Olarak Kullan\u0131l\u0131r.<\/br>\nHafif, Hi\u00e7 Yanmaz, \u00c7a\u011fda\u015f Ve G\u00fcvenli Bir \u00dcr\u00fcnd\u00fcr.<\/br>\nIs\u0131 Yal\u0131t\u0131m\u0131 Sayesinde Katlar Aras\u0131nda Is Transferini En Aza \u0130ndiren Yenilik\u00e7i Bir \u00dcr\u00fcnd\u00fcr.<\/br>\n\u0130stenilen Boyut Ve A\u00e7\u0131da Kesilebildi\u011fi \u0130\u00e7in Fire Miktar\u0131n\u0131 Azalt\u0131r.<\/br>\nOlu\u015fturdu\u011fu D\u00fczg\u00fcn Y\u00fczeyler Sayesinde S\u0131vadan Tasarruf (%30-40) Sa\u011flad\u0131\u011f\u0131 Gibi, P\u00fcr\u00fczl\u00fc Y\u00fczeyi \u0130le \u00dcst\u00fcn Aderans Sa\u011flar,<\/br>\nMasif Yap\u0131s\u0131 Sayesinde Betondan (%15) Tasarruf Sa\u011flar.<\/p>\r\n         <\/div>\r\n               \r\n<\/div>\r\n\t\t\t\t<\/div>\n\t\t\t\t<\/div>\n\t\t\t\t\t<\/div>\n\t\t<\/div>\n\t\t\t\t\t<\/div>\n\t\t<\/section>\n\t\t\t\t<\/div>\n\t\t","protected":false},"excerpt":{"rendered":"<p>\u00dcru\u0308n Tipi ASMOLEN \u00dcru\u0308n Standard\u0131 TS 13888 \u00dcru\u0308n Tan\u0131m\u0131 Herhangi bir y\u00fck ta\u015f\u0131ma \u00f6zelli\u011fi bulunmayan ve di\u015fli d\u00f6\u015femeler aras\u0131n\u0131 doldurmak \u00fczere kullan\u0131lmakta olan \u00e7ok hafif dolgu malzemesine verilen isimdir. TS 13888 standard\u0131nda \u00fcretilerek d\u00f6\u015femelerde ses ve \u0131s\u0131 yal\u0131t\u0131m\u0131 sa\u011flayarak yap\u0131 konforunu art\u0131r\u0131r. Kullan\u0131m Alanlar\u0131 Betonarme Asmolen D\u00f6\u015femelerde Hafif Dolgu Malzemesi Olarak Kullan\u0131l\u0131r. Hafif, Hi\u00e7 Yanmaz, [&hellip;]<\/p>\n","protected":false},"author":1,"featured_media":0,"parent":0,"menu_order":0,"comment_status":"closed","ping_status":"closed","template":"template-boxed.php","meta":{"_mi_skip_tracking":false,"footnotes":""},"class_list":["post-6048","page","type-page","status-publish","hentry"],"_links":{"self":[{"href":"http:\/\/turkogluhazirbeton.com.tr\/index.php\/wp-json\/wp\/v2\/pages\/6048","targetHints":{"allow":["GET"]}}],"collection":[{"href":"http:\/\/turkogluhazirbeton.com.tr\/index.php\/wp-json\/wp\/v2\/pages"}],"about":[{"href":"http:\/\/turkogluhazirbeton.com.tr\/index.php\/wp-json\/wp\/v2\/types\/page"}],"author":[{"embeddable":true,"href":"http:\/\/turkogluhazirbeton.com.tr\/index.php\/wp-json\/wp\/v2\/users\/1"}],"replies":[{"embeddable":true,"href":"http:\/\/turkogluhazirbeton.com.tr\/index.php\/wp-json\/wp\/v2\/comments?post=6048"}],"version-history":[{"count":4,"href":"http:\/\/turkogluhazirbeton.com.tr\/index.php\/wp-json\/wp\/v2\/pages\/6048\/revisions"}],"predecessor-version":[{"id":6052,"href":"http:\/\/turkogluhazirbeton.com.tr\/index.php\/wp-json\/wp\/v2\/pages\/6048\/revisions\/6052"}],"wp:attachment":[{"href":"http:\/\/turkogluhazirbeton.com.tr\/index.php\/wp-json\/wp\/v2\/media?parent=6048"}],"curies":[{"name":"wp","href":"https:\/\/api.w.org\/{rel}","templated":true}]}}