{"id":6116,"date":"2022-04-12T14:19:19","date_gmt":"2022-04-12T14:19:19","guid":{"rendered":"http:\/\/turkogluhazirbeton.com.tr\/?page_id=6116"},"modified":"2022-04-12T14:39:30","modified_gmt":"2022-04-12T14:39:30","slug":"politikalarimiz","status":"publish","type":"page","link":"http:\/\/turkogluhazirbeton.com.tr\/index.php\/politikalarimiz\/","title":{"rendered":"POL\u0130T\u0130KALARIMIZ"},"content":{"rendered":"\t\t<div data-elementor-type=\"wp-page\" data-elementor-id=\"6116\" class=\"elementor elementor-6116\">\n\t\t\t\t\t\t<section class=\"elementor-section elementor-top-section elementor-element elementor-element-6f98298 elementor-section-boxed elementor-section-height-default elementor-section-height-default\" data-id=\"6f98298\" data-element_type=\"section\" data-e-type=\"section\">\n\t\t\t\t\t\t<div class=\"elementor-container elementor-column-gap-default\">\n\t\t\t\t\t<div class=\"elementor-column elementor-col-100 elementor-top-column elementor-element elementor-element-40564a3\" data-id=\"40564a3\" data-element_type=\"column\" data-e-type=\"column\">\n\t\t\t<div class=\"elementor-widget-wrap elementor-element-populated\">\n\t\t\t\t\t\t<div class=\"elementor-element elementor-element-05fa3fc elementor-widget elementor-widget-creote-logo-v1\" data-id=\"05fa3fc\" data-element_type=\"widget\" data-e-type=\"widget\" data-widget_type=\"creote-logo-v1.default\">\n\t\t\t\t<div class=\"elementor-widget-container\">\n\t\t\t\t\t<div class=\"header_logo_box_solo\">\r\n   <a href=\"http:\/\/turkogluhazirbeton.com.tr\" class=\"logo navbar-brand\">\r\n   <img decoding=\"async\" src=\"http:\/\/turkogluhazirbeton.com.tr\/wp-content\/uploads\/2022\/04\/too.png\" alt=\"T&uuml;rko\u011flu Haz\u0131r Beton\" class=\"logo_default\">\r\n    \r\n   <\/a>\r\n<\/div>\r\n\t\t\t\t<\/div>\n\t\t\t\t<\/div>\n\t\t\t\t\t<\/div>\n\t\t<\/div>\n\t\t\t\t\t<\/div>\n\t\t<\/section>\n\t\t\t\t<section class=\"elementor-section elementor-top-section elementor-element elementor-element-4676ed3 elementor-section-boxed elementor-section-height-default elementor-section-height-default\" data-id=\"4676ed3\" data-element_type=\"section\" data-e-type=\"section\">\n\t\t\t\t\t\t<div class=\"elementor-container elementor-column-gap-default\">\n\t\t\t\t\t<div class=\"elementor-column elementor-col-100 elementor-top-column elementor-element elementor-element-4912c13\" data-id=\"4912c13\" data-element_type=\"column\" data-e-type=\"column\">\n\t\t\t<div class=\"elementor-widget-wrap\">\n\t\t\t\t\t\t\t<\/div>\n\t\t<\/div>\n\t\t\t\t\t<\/div>\n\t\t<\/section>\n\t\t\t\t<section class=\"elementor-section elementor-top-section elementor-element elementor-element-d8052c4 elementor-section-boxed elementor-section-height-default elementor-section-height-default\" data-id=\"d8052c4\" data-element_type=\"section\" data-e-type=\"section\">\n\t\t\t\t\t\t<div class=\"elementor-container elementor-column-gap-default\">\n\t\t\t\t\t<div class=\"elementor-column elementor-col-100 elementor-top-column elementor-element elementor-element-365460d\" data-id=\"365460d\" data-element_type=\"column\" data-e-type=\"column\">\n\t\t\t<div class=\"elementor-widget-wrap elementor-element-populated\">\n\t\t\t\t\t\t<div class=\"elementor-element elementor-element-be2f317 elementor-widget elementor-widget-creote-title-v1\" data-id=\"be2f317\" data-element_type=\"widget\" data-e-type=\"widget\" data-widget_type=\"creote-title-v1.default\">\n\t\t\t\t<div class=\"elementor-widget-container\">\n\t\t\t\t\t<div class=\"title_all_box style_one  dark_color\" >\r\n         <div class=\"title_sections center\">\r\n            <div class=\"before_title\">\r\n         POL\u0130T\u0130KALARIMIZ      <\/div>\r\n                     <\/div>\r\n               \r\n<\/div>\r\n\t\t\t\t<\/div>\n\t\t\t\t<\/div>\n\t\t\t\t\t<\/div>\n\t\t<\/div>\n\t\t\t\t\t<\/div>\n\t\t<\/section>\n\t\t\t\t<section class=\"elementor-section elementor-top-section elementor-element elementor-element-aadf72a elementor-section-boxed elementor-section-height-default elementor-section-height-default\" data-id=\"aadf72a\" data-element_type=\"section\" data-e-type=\"section\">\n\t\t\t\t\t\t<div class=\"elementor-container elementor-column-gap-default\">\n\t\t\t\t\t<div class=\"elementor-column elementor-col-50 elementor-top-column elementor-element elementor-element-a6091a6\" data-id=\"a6091a6\" data-element_type=\"column\" data-e-type=\"column\">\n\t\t\t<div class=\"elementor-widget-wrap elementor-element-populated\">\n\t\t\t\t\t\t<div class=\"elementor-element elementor-element-6ff8eda elementor-widget elementor-widget-creote-simple-image-box-v1\" data-id=\"6ff8eda\" data-element_type=\"widget\" data-e-type=\"widget\" data-widget_type=\"creote-simple-image-box-v1.default\">\n\t\t\t\t<div class=\"elementor-widget-container\">\n\t\t\t\t\t<div class=\"simple_image_boxes  parallax_cover\"   data-aos=\"fade-up\" data-aos-delay=\"0\" >\r\n   <img decoding=\"async\" src=\"http:\/\/turkogluhazirbeton.com.tr\/wp-content\/uploads\/2022\/04\/kalite.jpg\" class=\"simp_img cover-parallax\" alt=\"image\" \/>\r\n<\/div>\r\n\t\t\t\t<\/div>\n\t\t\t\t<\/div>\n\t\t\t\t\t<\/div>\n\t\t<\/div>\n\t\t\t\t<div class=\"elementor-column elementor-col-50 elementor-top-column elementor-element elementor-element-96ee273\" data-id=\"96ee273\" data-element_type=\"column\" data-e-type=\"column\">\n\t\t\t<div class=\"elementor-widget-wrap elementor-element-populated\">\n\t\t\t\t\t\t<div class=\"elementor-element elementor-element-25f1354 elementor-widget elementor-widget-creote-title-v1\" data-id=\"25f1354\" data-element_type=\"widget\" data-e-type=\"widget\" data-widget_type=\"creote-title-v1.default\">\n\t\t\t\t<div class=\"elementor-widget-container\">\n\t\t\t\t\t<div class=\"title_all_box style_one  dark_color\" >\r\n         <div class=\"title_sections center\">\r\n            <div class=\"before_title\">\r\n         KAL\u0130TE POL\u0130T\u0130KAMIZ      <\/div>\r\n                        <p>  T\u00fcrko\u011flu Beton Toplam Kalite Y\u00f6netimi\u2019ni i\u015fletmelerde temel bir zorunluluk olarak g\u00f6rmektedir.\n\nKalite ve verimlili\u011fi art\u0131rarak,pazar pay\u0131n\u0131 geni\u015fletmeyi hedefleyen T\u00fcrko\u011flu Beton,bu ama\u00e7la m\u00fc\u015fteri memnuniyetini sa\u011flamay\u0131,kalite politikas\u0131n\u0131n bir par\u00e7as\u0131 olarak g\u00f6rmektedir.\n\n\u00c7al\u0131\u015fanlar\u0131n\u0131n y\u00f6netime kat\u0131l\u0131m\u0131 ve ileti\u015fimin geli\u015ftirilmesi gibi konular\u0131n \u00fczerinde \u00f6zellikle durmaktad\u0131r.\n\nT\u00fcrko\u011flu Beton; modern kalite kavram\u0131n\u0131 ve m\u00fc\u015fteri tatminini \u00f6n plana alarak,bu alanda gerekli her t\u00fcrl\u00fc yat\u0131r\u0131m ile ara\u015ft\u0131rma ve geli\u015ftirme faaliyetlerine devam etmektedir.\n\n\u201c Vizyonumuz, kurumsal kimli\u011fimiz ve sermaye yap\u0131m\u0131z ile sekt\u00f6rde akla ilk gelen marka olmakt\u0131r\u201d\n\n\u25cf Yasal mevzuat ve standartlar do\u011frultusunda m\u00fc\u015fteri memnuniyeti esas al\u0131nmak suretiyle;\n\n\u25cf M\u00fc\u015fteri bilincini ve g\u00fcvenini tesis ederek,\n\n\u25cf \u00c7al\u0131\u015fanlar\u0131m\u0131z\u0131n memnuniyetini ve g\u00fcvenini sa\u011flayarak\n\n\u25cf \u0130stenilen zaman s\u00fcreci i\u00e7erisinde, verimli ve ekonomik \u015fekilde\n\n\u25cf \u0130nsana ve \u00e7evreye sayg\u0131l\u0131 bir bi\u00e7imde,\n\n\u25cf S\u00fcrekli iyile\u015ftirme ve geli\u015ftirme do\u011frultusunda,\n\n\u25cf \u0130\u015f ortaklar\u0131 ve tedarik\u00e7ilerle kar\u015f\u0131l\u0131kl\u0131 faydaya dayal\u0131 ili\u015fki i\u00e7erisinde,\n\n\u25cf S\u00fcrekli geli\u015fen bir marka olmak suretiyle sekt\u00f6rde faaliyet g\u00f6stermektir.<\/p>\r\n         <\/div>\r\n               \r\n<\/div>\r\n\t\t\t\t<\/div>\n\t\t\t\t<\/div>\n\t\t\t\t\t<\/div>\n\t\t<\/div>\n\t\t\t\t\t<\/div>\n\t\t<\/section>\n\t\t\t\t<section class=\"elementor-section elementor-top-section elementor-element elementor-element-1d70b86 elementor-section-boxed elementor-section-height-default elementor-section-height-default\" data-id=\"1d70b86\" data-element_type=\"section\" data-e-type=\"section\">\n\t\t\t\t\t\t<div class=\"elementor-container elementor-column-gap-default\">\n\t\t\t\t\t<div class=\"elementor-column elementor-col-50 elementor-top-column elementor-element elementor-element-0c5f1c6\" data-id=\"0c5f1c6\" data-element_type=\"column\" data-e-type=\"column\">\n\t\t\t<div class=\"elementor-widget-wrap elementor-element-populated\">\n\t\t\t\t\t\t<div class=\"elementor-element elementor-element-cdde09c elementor-widget elementor-widget-creote-title-v1\" data-id=\"cdde09c\" data-element_type=\"widget\" data-e-type=\"widget\" data-widget_type=\"creote-title-v1.default\">\n\t\t\t\t<div class=\"elementor-widget-container\">\n\t\t\t\t\t<div class=\"title_all_box style_one  dark_color\" >\r\n         <div class=\"title_sections center\">\r\n            <div class=\"before_title\">\r\n         \u00c7EVRE POL\u0130T\u0130KAMIZ      <\/div>\r\n                        <p>  T\u00fcrko\u011flu haz\u0131r beton olu\u015fturdu\u011fu Entegre Y\u00f6netim Sistemi kapsam\u0131nda \u00e7evre politikas\u0131n\u0131 i\u00e7eren Y\u00f6netim Politikas\u0131 olu\u015fturmu\u015f ve t\u00fcm \u00e7al\u0131\u015fanlara ve kamuoyuna duyurmu\u015ftur. Ad\u0131yaman ve Narl\u0131 Fabrikalar\u0131nda TS-EN-ISO 14001 kapsam\u0131nda \u00c7evre Y\u00f6netim Sistemi belgesine sahip olan T\u00fcrko\u011flu \u00c7imento Haz\u0131r Beton tesislerinde ise tan\u0131ml\u0131 \u00e7evre politikas\u0131 kapsam\u0131nda hareket etmektedir.\n\nKurulu\u015fumuzun \u00fcst y\u00f6netimi, \u00e7evre politikas\u0131n\u0131 amac\u0131m\u0131za, b\u00fcy\u00fckl\u00fc\u011f\u00fcm\u00fcze ve faaliyet alanlar\u0131m\u0131z\u0131n kapsam\u0131na uygun olarak belirlemi\u015f ve politikam\u0131z bu do\u011frultuda dok\u00fcmante edilmi\u015ftir. S\u00f6z konusu dok\u00fcman, yasal \u015fartlara ve ilgili standartlara uyumu, \u00e7evre y\u00f6netim sisteminin politikay\u0131 destekleyecek hedef ve programlar ile s\u00fcrekli iyile\u015ftirilmesini taahh\u00fct eder.\n\u00dcst y\u00f6netim taraf\u0131ndan onaylanan bu dok\u00fcman kurum i\u00e7erisinde t\u00fcm \u00e7al\u0131\u015fanlara aktar\u0131lmakta ve buradaki kurallara uymalar\u0131 do\u011frultusunda \u00e7al\u0131\u015f\u0131lmaktad\u0131r.\nBelirlenen \u00e7evre politikas\u0131nda de\u011fi\u015fiklik \u00f6ng\u00f6r\u00fcl\u00fcrse hemen, \u00f6ng\u00f6r\u00fclmezse y\u0131lda en az bir defa Y\u00f6netimi G\u00f6zden Ge\u00e7irme toplant\u0131lar\u0131nda de\u011ferlendirilir.<\/p>\r\n         <\/div>\r\n               \r\n<\/div>\r\n\t\t\t\t<\/div>\n\t\t\t\t<\/div>\n\t\t\t\t\t<\/div>\n\t\t<\/div>\n\t\t\t\t<div class=\"elementor-column elementor-col-50 elementor-top-column elementor-element elementor-element-97b20f0\" data-id=\"97b20f0\" data-element_type=\"column\" data-e-type=\"column\">\n\t\t\t<div class=\"elementor-widget-wrap elementor-element-populated\">\n\t\t\t\t\t\t<div class=\"elementor-element elementor-element-a4b86a1 elementor-widget elementor-widget-creote-simple-image-box-v1\" data-id=\"a4b86a1\" data-element_type=\"widget\" data-e-type=\"widget\" data-widget_type=\"creote-simple-image-box-v1.default\">\n\t\t\t\t<div class=\"elementor-widget-container\">\n\t\t\t\t\t<div class=\"simple_image_boxes  parallax_cover\"   data-aos=\"fade-up\" data-aos-delay=\"0\" >\r\n   <img decoding=\"async\" src=\"http:\/\/turkogluhazirbeton.com.tr\/wp-content\/uploads\/2022\/04\/cevre.jpg\" class=\"simp_img cover-parallax\" alt=\"image\" \/>\r\n<\/div>\r\n\t\t\t\t<\/div>\n\t\t\t\t<\/div>\n\t\t\t\t\t<\/div>\n\t\t<\/div>\n\t\t\t\t\t<\/div>\n\t\t<\/section>\n\t\t\t\t<\/div>\n\t\t","protected":false},"excerpt":{"rendered":"<p>POL\u0130T\u0130KALARIMIZ KAL\u0130TE POL\u0130T\u0130KAMIZ T\u00fcrko\u011flu Beton Toplam Kalite Y\u00f6netimi\u2019ni i\u015fletmelerde temel bir zorunluluk olarak g\u00f6rmektedir. Kalite ve verimlili\u011fi art\u0131rarak,pazar pay\u0131n\u0131 geni\u015fletmeyi hedefleyen T\u00fcrko\u011flu Beton,bu ama\u00e7la m\u00fc\u015fteri memnuniyetini sa\u011flamay\u0131,kalite politikas\u0131n\u0131n bir par\u00e7as\u0131 olarak g\u00f6rmektedir. \u00c7al\u0131\u015fanlar\u0131n\u0131n y\u00f6netime kat\u0131l\u0131m\u0131 ve ileti\u015fimin geli\u015ftirilmesi gibi konular\u0131n \u00fczerinde \u00f6zellikle durmaktad\u0131r. T\u00fcrko\u011flu Beton; modern kalite kavram\u0131n\u0131 ve m\u00fc\u015fteri tatminini \u00f6n plana alarak,bu alanda [&hellip;]<\/p>\n","protected":false},"author":1,"featured_media":0,"parent":0,"menu_order":0,"comment_status":"closed","ping_status":"closed","template":"template-boxed.php","meta":{"_mi_skip_tracking":false,"footnotes":""},"class_list":["post-6116","page","type-page","status-publish","hentry"],"_links":{"self":[{"href":"http:\/\/turkogluhazirbeton.com.tr\/index.php\/wp-json\/wp\/v2\/pages\/6116","targetHints":{"allow":["GET"]}}],"collection":[{"href":"http:\/\/turkogluhazirbeton.com.tr\/index.php\/wp-json\/wp\/v2\/pages"}],"about":[{"href":"http:\/\/turkogluhazirbeton.com.tr\/index.php\/wp-json\/wp\/v2\/types\/page"}],"author":[{"embeddable":true,"href":"http:\/\/turkogluhazirbeton.com.tr\/index.php\/wp-json\/wp\/v2\/users\/1"}],"replies":[{"embeddable":true,"href":"http:\/\/turkogluhazirbeton.com.tr\/index.php\/wp-json\/wp\/v2\/comments?post=6116"}],"version-history":[{"count":17,"href":"http:\/\/turkogluhazirbeton.com.tr\/index.php\/wp-json\/wp\/v2\/pages\/6116\/revisions"}],"predecessor-version":[{"id":6136,"href":"http:\/\/turkogluhazirbeton.com.tr\/index.php\/wp-json\/wp\/v2\/pages\/6116\/revisions\/6136"}],"wp:attachment":[{"href":"http:\/\/turkogluhazirbeton.com.tr\/index.php\/wp-json\/wp\/v2\/media?parent=6116"}],"curies":[{"name":"wp","href":"https:\/\/api.w.org\/{rel}","templated":true}]}}