{"id":6147,"date":"2022-04-14T06:16:42","date_gmt":"2022-04-14T06:16:42","guid":{"rendered":"http:\/\/turkogluhazirbeton.com.tr\/?page_id=6147"},"modified":"2022-04-14T06:26:57","modified_gmt":"2022-04-14T06:26:57","slug":"bims-biriket","status":"publish","type":"page","link":"http:\/\/turkogluhazirbeton.com.tr\/index.php\/bims-biriket\/","title":{"rendered":"Bims &#038; Briket"},"content":{"rendered":"\t\t<div data-elementor-type=\"wp-page\" data-elementor-id=\"6147\" class=\"elementor elementor-6147\">\n\t\t\t\t\t\t<section class=\"elementor-section elementor-top-section elementor-element elementor-element-6f98298 elementor-section-boxed elementor-section-height-default elementor-section-height-default\" data-id=\"6f98298\" data-element_type=\"section\" data-e-type=\"section\">\n\t\t\t\t\t\t<div class=\"elementor-container elementor-column-gap-default\">\n\t\t\t\t\t<div class=\"elementor-column elementor-col-100 elementor-top-column elementor-element elementor-element-40564a3\" data-id=\"40564a3\" data-element_type=\"column\" data-e-type=\"column\">\n\t\t\t<div class=\"elementor-widget-wrap elementor-element-populated\">\n\t\t\t\t\t\t<div class=\"elementor-element elementor-element-05fa3fc elementor-widget elementor-widget-creote-logo-v1\" data-id=\"05fa3fc\" data-element_type=\"widget\" data-e-type=\"widget\" data-widget_type=\"creote-logo-v1.default\">\n\t\t\t\t<div class=\"elementor-widget-container\">\n\t\t\t\t\t<div class=\"header_logo_box_solo\">\r\n   <a href=\"http:\/\/turkogluhazirbeton.com.tr\" class=\"logo navbar-brand\">\r\n   <img decoding=\"async\" src=\"http:\/\/turkogluhazirbeton.com.tr\/wp-content\/uploads\/2022\/04\/too.png\" alt=\"T&uuml;rko\u011flu Haz\u0131r Beton\" class=\"logo_default\">\r\n    \r\n   <\/a>\r\n<\/div>\r\n\t\t\t\t<\/div>\n\t\t\t\t<\/div>\n\t\t\t\t\t<\/div>\n\t\t<\/div>\n\t\t\t\t\t<\/div>\n\t\t<\/section>\n\t\t\t\t<section class=\"elementor-section elementor-top-section elementor-element elementor-element-4676ed3 elementor-section-boxed elementor-section-height-default elementor-section-height-default\" data-id=\"4676ed3\" data-element_type=\"section\" data-e-type=\"section\">\n\t\t\t\t\t\t<div class=\"elementor-container elementor-column-gap-default\">\n\t\t\t\t\t<div class=\"elementor-column elementor-col-100 elementor-top-column elementor-element elementor-element-4912c13\" data-id=\"4912c13\" data-element_type=\"column\" data-e-type=\"column\">\n\t\t\t<div class=\"elementor-widget-wrap\">\n\t\t\t\t\t\t\t<\/div>\n\t\t<\/div>\n\t\t\t\t\t<\/div>\n\t\t<\/section>\n\t\t\t\t<section class=\"elementor-section elementor-top-section elementor-element elementor-element-d8052c4 elementor-section-boxed elementor-section-height-default elementor-section-height-default\" data-id=\"d8052c4\" data-element_type=\"section\" data-e-type=\"section\">\n\t\t\t\t\t\t<div class=\"elementor-container elementor-column-gap-default\">\n\t\t\t\t\t<div class=\"elementor-column elementor-col-100 elementor-top-column elementor-element elementor-element-365460d\" data-id=\"365460d\" data-element_type=\"column\" data-e-type=\"column\">\n\t\t\t<div class=\"elementor-widget-wrap elementor-element-populated\">\n\t\t\t\t\t\t<div class=\"elementor-element elementor-element-be2f317 elementor-widget elementor-widget-creote-title-v1\" data-id=\"be2f317\" data-element_type=\"widget\" data-e-type=\"widget\" data-widget_type=\"creote-title-v1.default\">\n\t\t\t\t<div class=\"elementor-widget-container\">\n\t\t\t\t\t<div class=\"title_all_box style_one  dark_color\" >\r\n         <div class=\"title_sections center\">\r\n            <div class=\"before_title\">\r\n         Bims &amp; Briket      <\/div>\r\n                     <\/div>\r\n               \r\n<\/div>\r\n\t\t\t\t<\/div>\n\t\t\t\t<\/div>\n\t\t\t\t\t<\/div>\n\t\t<\/div>\n\t\t\t\t\t<\/div>\n\t\t<\/section>\n\t\t\t\t<section class=\"elementor-section elementor-top-section elementor-element elementor-element-d8c1f49 elementor-section-boxed elementor-section-height-default elementor-section-height-default\" data-id=\"d8c1f49\" data-element_type=\"section\" data-e-type=\"section\">\n\t\t\t\t\t\t<div class=\"elementor-container elementor-column-gap-default\">\n\t\t\t\t\t<div class=\"elementor-column elementor-col-25 elementor-top-column elementor-element elementor-element-02b0417\" data-id=\"02b0417\" data-element_type=\"column\" data-e-type=\"column\">\n\t\t\t<div class=\"elementor-widget-wrap elementor-element-populated\">\n\t\t\t\t\t\t<div class=\"elementor-element elementor-element-2bfb3bf elementor-widget elementor-widget-creote-simple-image-box-v1\" data-id=\"2bfb3bf\" data-element_type=\"widget\" data-e-type=\"widget\" data-widget_type=\"creote-simple-image-box-v1.default\">\n\t\t\t\t<div class=\"elementor-widget-container\">\n\t\t\t\t\t<div class=\"simple_image_boxes  parallax_cover\"   data-aos=\"fade-up\" data-aos-delay=\"0\" >\r\n   <img decoding=\"async\" src=\"http:\/\/turkogluhazirbeton.com.tr\/wp-content\/uploads\/2022\/04\/blg-85.webp\" class=\"simp_img cover-parallax\" alt=\"image\" \/>\r\n<\/div>\r\n\t\t\t\t<\/div>\n\t\t\t\t<\/div>\n\t\t\t\t\t<\/div>\n\t\t<\/div>\n\t\t\t\t<div class=\"elementor-column elementor-col-25 elementor-top-column elementor-element elementor-element-b65bbcd\" data-id=\"b65bbcd\" data-element_type=\"column\" data-e-type=\"column\">\n\t\t\t<div class=\"elementor-widget-wrap elementor-element-populated\">\n\t\t\t\t\t\t<div class=\"elementor-element elementor-element-6d05190 elementor-widget elementor-widget-creote-simple-image-box-v1\" data-id=\"6d05190\" data-element_type=\"widget\" data-e-type=\"widget\" data-widget_type=\"creote-simple-image-box-v1.default\">\n\t\t\t\t<div class=\"elementor-widget-container\">\n\t\t\t\t\t<div class=\"simple_image_boxes  parallax_cover\"   data-aos=\"fade-up\" data-aos-delay=\"0\" >\r\n   <img decoding=\"async\" src=\"http:\/\/turkogluhazirbeton.com.tr\/wp-content\/uploads\/2022\/04\/blg-10.webp\" class=\"simp_img cover-parallax\" alt=\"image\" \/>\r\n<\/div>\r\n\t\t\t\t<\/div>\n\t\t\t\t<\/div>\n\t\t\t\t\t<\/div>\n\t\t<\/div>\n\t\t\t\t<div class=\"elementor-column elementor-col-25 elementor-top-column elementor-element elementor-element-8a92bc7\" data-id=\"8a92bc7\" data-element_type=\"column\" data-e-type=\"column\">\n\t\t\t<div class=\"elementor-widget-wrap elementor-element-populated\">\n\t\t\t\t\t\t<div class=\"elementor-element elementor-element-9127bce elementor-widget elementor-widget-creote-simple-image-box-v1\" data-id=\"9127bce\" data-element_type=\"widget\" data-e-type=\"widget\" data-widget_type=\"creote-simple-image-box-v1.default\">\n\t\t\t\t<div class=\"elementor-widget-container\">\n\t\t\t\t\t<div class=\"simple_image_boxes  parallax_cover\"   data-aos=\"fade-up\" data-aos-delay=\"0\" >\r\n   <img decoding=\"async\" src=\"http:\/\/turkogluhazirbeton.com.tr\/wp-content\/uploads\/2022\/04\/blg-13.webp\" class=\"simp_img cover-parallax\" alt=\"image\" \/>\r\n<\/div>\r\n\t\t\t\t<\/div>\n\t\t\t\t<\/div>\n\t\t\t\t\t<\/div>\n\t\t<\/div>\n\t\t\t\t<div class=\"elementor-column elementor-col-25 elementor-top-column elementor-element elementor-element-1a0c0e4\" data-id=\"1a0c0e4\" data-element_type=\"column\" data-e-type=\"column\">\n\t\t\t<div class=\"elementor-widget-wrap elementor-element-populated\">\n\t\t\t\t\t\t<div class=\"elementor-element elementor-element-c1b21d4 elementor-widget elementor-widget-creote-simple-image-box-v1\" data-id=\"c1b21d4\" data-element_type=\"widget\" data-e-type=\"widget\" data-widget_type=\"creote-simple-image-box-v1.default\">\n\t\t\t\t<div class=\"elementor-widget-container\">\n\t\t\t\t\t<div class=\"simple_image_boxes  parallax_cover\"   data-aos=\"fade-up\" data-aos-delay=\"0\" >\r\n   <img decoding=\"async\" src=\"http:\/\/turkogluhazirbeton.com.tr\/wp-content\/uploads\/2022\/04\/blg151.webp\" class=\"simp_img cover-parallax\" alt=\"image\" \/>\r\n<\/div>\r\n\t\t\t\t<\/div>\n\t\t\t\t<\/div>\n\t\t\t\t\t<\/div>\n\t\t<\/div>\n\t\t\t\t\t<\/div>\n\t\t<\/section>\n\t\t\t\t<section class=\"elementor-section elementor-top-section elementor-element elementor-element-a2ffa1d elementor-section-boxed elementor-section-height-default elementor-section-height-default\" data-id=\"a2ffa1d\" data-element_type=\"section\" data-e-type=\"section\">\n\t\t\t\t\t\t<div class=\"elementor-container elementor-column-gap-default\">\n\t\t\t\t\t<div class=\"elementor-column elementor-col-25 elementor-top-column elementor-element elementor-element-977949c\" data-id=\"977949c\" data-element_type=\"column\" data-e-type=\"column\">\n\t\t\t<div class=\"elementor-widget-wrap elementor-element-populated\">\n\t\t\t\t\t\t<div class=\"elementor-element elementor-element-c8f6617 elementor-widget elementor-widget-creote-themebtns-v1\" data-id=\"c8f6617\" data-element_type=\"widget\" data-e-type=\"widget\" data-widget_type=\"creote-themebtns-v1.default\">\n\t\t\t\t<div class=\"elementor-widget-container\">\n\t\t\t\t\t<div class=\"theme_btn_all color_one\"   data-aos=\"fade-up\" data-aos-delay=\"0\" >\r\n      <a href=\"#\"   target=&quot;_blank&quot;  rel=&quot;nofollow&quot; class=\"theme-btn four\">\r\n   8,5 LUK B\u0130MS <i class=\"icon-right-arrow\"><\/i>\r\n   <\/a>\r\n   <\/div>\r\n\t\t\t\t<\/div>\n\t\t\t\t<\/div>\n\t\t\t\t\t<\/div>\n\t\t<\/div>\n\t\t\t\t<div class=\"elementor-column elementor-col-25 elementor-top-column elementor-element elementor-element-b1f7ab0\" data-id=\"b1f7ab0\" data-element_type=\"column\" data-e-type=\"column\">\n\t\t\t<div class=\"elementor-widget-wrap elementor-element-populated\">\n\t\t\t\t\t\t<div class=\"elementor-element elementor-element-27dd540 elementor-widget elementor-widget-creote-themebtns-v1\" data-id=\"27dd540\" data-element_type=\"widget\" data-e-type=\"widget\" data-widget_type=\"creote-themebtns-v1.default\">\n\t\t\t\t<div class=\"elementor-widget-container\">\n\t\t\t\t\t<div class=\"theme_btn_all color_one\"   data-aos=\"fade-up\" data-aos-delay=\"0\" >\r\n      <a href=\"#\"   target=&quot;_blank&quot;  rel=&quot;nofollow&quot; class=\"theme-btn four\">\r\n   10LUK B\u0130MS <i class=\"icon-right-arrow\"><\/i>\r\n   <\/a>\r\n   <\/div>\r\n\t\t\t\t<\/div>\n\t\t\t\t<\/div>\n\t\t\t\t\t<\/div>\n\t\t<\/div>\n\t\t\t\t<div class=\"elementor-column elementor-col-25 elementor-top-column elementor-element elementor-element-8789414\" data-id=\"8789414\" data-element_type=\"column\" data-e-type=\"column\">\n\t\t\t<div class=\"elementor-widget-wrap elementor-element-populated\">\n\t\t\t\t\t\t<div class=\"elementor-element elementor-element-a7aacdb elementor-widget elementor-widget-creote-themebtns-v1\" data-id=\"a7aacdb\" data-element_type=\"widget\" data-e-type=\"widget\" data-widget_type=\"creote-themebtns-v1.default\">\n\t\t\t\t<div class=\"elementor-widget-container\">\n\t\t\t\t\t<div class=\"theme_btn_all color_one\"   data-aos=\"fade-up\" data-aos-delay=\"0\" >\r\n      <a href=\"#\"   target=&quot;_blank&quot;  rel=&quot;nofollow&quot; class=\"theme-btn four\">\r\n   13,5 LUK B\u0130MS <i class=\"icon-right-arrow\"><\/i>\r\n   <\/a>\r\n   <\/div>\r\n\t\t\t\t<\/div>\n\t\t\t\t<\/div>\n\t\t\t\t\t<\/div>\n\t\t<\/div>\n\t\t\t\t<div class=\"elementor-column elementor-col-25 elementor-top-column elementor-element elementor-element-88cbe57\" data-id=\"88cbe57\" data-element_type=\"column\" data-e-type=\"column\">\n\t\t\t<div class=\"elementor-widget-wrap elementor-element-populated\">\n\t\t\t\t\t\t<div class=\"elementor-element elementor-element-5cfd99f elementor-widget elementor-widget-creote-themebtns-v1\" data-id=\"5cfd99f\" data-element_type=\"widget\" data-e-type=\"widget\" data-widget_type=\"creote-themebtns-v1.default\">\n\t\t\t\t<div class=\"elementor-widget-container\">\n\t\t\t\t\t<div class=\"theme_btn_all color_one\"   data-aos=\"fade-up\" data-aos-delay=\"0\" >\r\n      <a href=\"#\"   target=&quot;_blank&quot;  rel=&quot;nofollow&quot; class=\"theme-btn four\">\r\n   15L\u0130K B\u0130MS <i class=\"icon-right-arrow\"><\/i>\r\n   <\/a>\r\n   <\/div>\r\n\t\t\t\t<\/div>\n\t\t\t\t<\/div>\n\t\t\t\t\t<\/div>\n\t\t<\/div>\n\t\t\t\t\t<\/div>\n\t\t<\/section>\n\t\t\t\t<section class=\"elementor-section elementor-top-section elementor-element elementor-element-658ad4d elementor-section-boxed elementor-section-height-default elementor-section-height-default\" data-id=\"658ad4d\" data-element_type=\"section\" data-e-type=\"section\">\n\t\t\t\t\t\t<div class=\"elementor-container elementor-column-gap-default\">\n\t\t\t\t\t<div class=\"elementor-column elementor-col-25 elementor-top-column elementor-element elementor-element-afbf3a8\" data-id=\"afbf3a8\" data-element_type=\"column\" data-e-type=\"column\">\n\t\t\t<div class=\"elementor-widget-wrap elementor-element-populated\">\n\t\t\t\t\t\t<div class=\"elementor-element elementor-element-a4333c4 elementor-widget elementor-widget-creote-description-v1\" data-id=\"a4333c4\" data-element_type=\"widget\" data-e-type=\"widget\" data-widget_type=\"creote-description-v1.default\">\n\t\t\t\t<div class=\"elementor-widget-container\">\n\t\t\t\t\t<div class=\"description_box\" >\r\n    <p>BlokBims \u00fcr\u00fcnleri, \u0130SO 9001-2015 sisteminde TS-EN 771\/3 ve CE standartlar\u0131na uygun olarak \u00fcretilen, her t\u00fcrl\u00fc yap\u0131 sisteminin i\u00e7 ve d\u0131\u015f duvarlar\u0131nda kullan\u0131lan yap\u0131 elemanlar\u0131d\u0131r. Y\u00fcksek \u0131s\u0131 yal\u0131t\u0131ml\u0131, enerji tasarruflu ve hafifli\u011fi ile yap\u0131larda son derece g\u00fcvenlik sunan blokbimsler zaman, malzeme ve i\u015f\u00e7ilikten tasarruf sa\u011flar hem de fonksiyonel \u00e7\u00f6z\u00fcmler sunar.<\/p>\r\n  <\/div>\r\n\t\t\t\t<\/div>\n\t\t\t\t<\/div>\n\t\t\t\t\t<\/div>\n\t\t<\/div>\n\t\t\t\t<div class=\"elementor-column elementor-col-25 elementor-top-column elementor-element elementor-element-84acfe9\" data-id=\"84acfe9\" data-element_type=\"column\" data-e-type=\"column\">\n\t\t\t<div class=\"elementor-widget-wrap elementor-element-populated\">\n\t\t\t\t\t\t<div class=\"elementor-element elementor-element-f3f535c elementor-widget elementor-widget-creote-description-v1\" data-id=\"f3f535c\" data-element_type=\"widget\" data-e-type=\"widget\" data-widget_type=\"creote-description-v1.default\">\n\t\t\t\t<div class=\"elementor-widget-container\">\n\t\t\t\t\t<div class=\"description_box\" >\r\n    <p>BlokBims \u00fcr\u00fcnleri, \u0130SO 9001-2015 sisteminde TS-EN 771\/3 ve CE standartlar\u0131na uygun olarak \u00fcretilen, her t\u00fcrl\u00fc yap\u0131 sisteminin i\u00e7 ve d\u0131\u015f duvarlar\u0131nda kullan\u0131lan yap\u0131 elemanlar\u0131d\u0131r. Y\u00fcksek \u0131s\u0131 yal\u0131t\u0131ml\u0131, enerji tasarruflu ve hafifli\u011fi ile yap\u0131larda son derece g\u00fcvenlik sunan blokbimsler zaman, malzeme ve i\u015f\u00e7ilikten tasarruf sa\u011flar hem de fonksiyonel \u00e7\u00f6z\u00fcmler sunar.<\/p>\r\n  <\/div>\r\n\t\t\t\t<\/div>\n\t\t\t\t<\/div>\n\t\t\t\t\t<\/div>\n\t\t<\/div>\n\t\t\t\t<div class=\"elementor-column elementor-col-25 elementor-top-column elementor-element elementor-element-2f212a0\" data-id=\"2f212a0\" data-element_type=\"column\" data-e-type=\"column\">\n\t\t\t<div class=\"elementor-widget-wrap elementor-element-populated\">\n\t\t\t\t\t\t<div class=\"elementor-element elementor-element-29ed7b6 elementor-widget elementor-widget-creote-description-v1\" data-id=\"29ed7b6\" data-element_type=\"widget\" data-e-type=\"widget\" data-widget_type=\"creote-description-v1.default\">\n\t\t\t\t<div class=\"elementor-widget-container\">\n\t\t\t\t\t<div class=\"description_box\" >\r\n    <p>BlokBims \u00fcr\u00fcnleri, \u0130SO 9001-2015 sisteminde TS-EN 771\/3 ve CE standartlar\u0131na uygun olarak \u00fcretilen, her t\u00fcrl\u00fc yap\u0131 sisteminin i\u00e7 ve d\u0131\u015f duvarlar\u0131nda kullan\u0131lan yap\u0131 elemanlar\u0131d\u0131r. Y\u00fcksek \u0131s\u0131 yal\u0131t\u0131ml\u0131, enerji tasarruflu ve hafifli\u011fi ile yap\u0131larda son derece g\u00fcvenlik sunan blokbimsler zaman, malzeme ve i\u015f\u00e7ilikten tasarruf sa\u011flar hem de fonksiyonel \u00e7\u00f6z\u00fcmler sunar.<\/p>\r\n  <\/div>\r\n\t\t\t\t<\/div>\n\t\t\t\t<\/div>\n\t\t\t\t\t<\/div>\n\t\t<\/div>\n\t\t\t\t<div class=\"elementor-column elementor-col-25 elementor-top-column elementor-element elementor-element-c91b385\" data-id=\"c91b385\" data-element_type=\"column\" data-e-type=\"column\">\n\t\t\t<div class=\"elementor-widget-wrap elementor-element-populated\">\n\t\t\t\t\t\t<div class=\"elementor-element elementor-element-91a9605 elementor-widget elementor-widget-creote-description-v1\" data-id=\"91a9605\" data-element_type=\"widget\" data-e-type=\"widget\" data-widget_type=\"creote-description-v1.default\">\n\t\t\t\t<div class=\"elementor-widget-container\">\n\t\t\t\t\t<div class=\"description_box\" >\r\n    <p>BlokBims \u00fcr\u00fcnleri, \u0130SO 9001-2015 sisteminde TS-EN 771\/3 ve CE standartlar\u0131na uygun olarak \u00fcretilen, her t\u00fcrl\u00fc yap\u0131 sisteminin i\u00e7 ve d\u0131\u015f duvarlar\u0131nda kullan\u0131lan yap\u0131 elemanlar\u0131d\u0131r. Y\u00fcksek \u0131s\u0131 yal\u0131t\u0131ml\u0131, enerji tasarruflu ve hafifli\u011fi ile yap\u0131larda son derece g\u00fcvenlik sunan blokbimsler zaman, malzeme ve i\u015f\u00e7ilikten tasarruf sa\u011flar hem de fonksiyonel \u00e7\u00f6z\u00fcmler sunar.<\/p>\r\n  <\/div>\r\n\t\t\t\t<\/div>\n\t\t\t\t<\/div>\n\t\t\t\t\t<\/div>\n\t\t<\/div>\n\t\t\t\t\t<\/div>\n\t\t<\/section>\n\t\t\t\t<section class=\"elementor-section elementor-top-section elementor-element elementor-element-b8490ed elementor-section-boxed elementor-section-height-default elementor-section-height-default\" data-id=\"b8490ed\" data-element_type=\"section\" data-e-type=\"section\">\n\t\t\t\t\t\t<div class=\"elementor-container elementor-column-gap-default\">\n\t\t\t\t\t<div class=\"elementor-column elementor-col-25 elementor-top-column elementor-element elementor-element-b94e76b\" data-id=\"b94e76b\" data-element_type=\"column\" data-e-type=\"column\">\n\t\t\t<div class=\"elementor-widget-wrap elementor-element-populated\">\n\t\t\t\t\t\t<div class=\"elementor-element elementor-element-5605889 elementor-widget elementor-widget-creote-simple-image-box-v1\" data-id=\"5605889\" data-element_type=\"widget\" data-e-type=\"widget\" data-widget_type=\"creote-simple-image-box-v1.default\">\n\t\t\t\t<div class=\"elementor-widget-container\">\n\t\t\t\t\t<div class=\"simple_image_boxes  parallax_cover\"   data-aos=\"fade-up\" data-aos-delay=\"0\" >\r\n   <img decoding=\"async\" src=\"http:\/\/turkogluhazirbeton.com.tr\/wp-content\/uploads\/2022\/04\/hgb19.webp\" class=\"simp_img cover-parallax\" alt=\"image\" \/>\r\n<\/div>\r\n\t\t\t\t<\/div>\n\t\t\t\t<\/div>\n\t\t\t\t\t<\/div>\n\t\t<\/div>\n\t\t\t\t<div class=\"elementor-column elementor-col-25 elementor-top-column elementor-element elementor-element-6bcc4cd\" data-id=\"6bcc4cd\" data-element_type=\"column\" data-e-type=\"column\">\n\t\t\t<div class=\"elementor-widget-wrap\">\n\t\t\t\t\t\t\t<\/div>\n\t\t<\/div>\n\t\t\t\t<div class=\"elementor-column elementor-col-25 elementor-top-column elementor-element elementor-element-cb13303\" data-id=\"cb13303\" data-element_type=\"column\" data-e-type=\"column\">\n\t\t\t<div class=\"elementor-widget-wrap\">\n\t\t\t\t\t\t\t<\/div>\n\t\t<\/div>\n\t\t\t\t<div class=\"elementor-column elementor-col-25 elementor-top-column elementor-element elementor-element-0bf2735\" data-id=\"0bf2735\" data-element_type=\"column\" data-e-type=\"column\">\n\t\t\t<div class=\"elementor-widget-wrap\">\n\t\t\t\t\t\t\t<\/div>\n\t\t<\/div>\n\t\t\t\t\t<\/div>\n\t\t<\/section>\n\t\t\t\t<section class=\"elementor-section elementor-top-section elementor-element elementor-element-e930145 elementor-section-boxed elementor-section-height-default elementor-section-height-default\" data-id=\"e930145\" data-element_type=\"section\" data-e-type=\"section\">\n\t\t\t\t\t\t<div class=\"elementor-container elementor-column-gap-default\">\n\t\t\t\t\t<div class=\"elementor-column elementor-col-25 elementor-top-column elementor-element elementor-element-0bdd6bd\" data-id=\"0bdd6bd\" data-element_type=\"column\" data-e-type=\"column\">\n\t\t\t<div class=\"elementor-widget-wrap elementor-element-populated\">\n\t\t\t\t\t\t<div class=\"elementor-element elementor-element-d474886 elementor-widget elementor-widget-creote-themebtns-v1\" data-id=\"d474886\" data-element_type=\"widget\" data-e-type=\"widget\" data-widget_type=\"creote-themebtns-v1.default\">\n\t\t\t\t<div class=\"elementor-widget-container\">\n\t\t\t\t\t<div class=\"theme_btn_all color_one\"   data-aos=\"fade-up\" data-aos-delay=\"0\" >\r\n      <a href=\"#\"   target=&quot;_blank&quot;  rel=&quot;nofollow&quot; class=\"theme-btn four\">\r\n   19 LUK B\u0130MS <i class=\"icon-right-arrow\"><\/i>\r\n   <\/a>\r\n   <\/div>\r\n\t\t\t\t<\/div>\n\t\t\t\t<\/div>\n\t\t\t\t\t<\/div>\n\t\t<\/div>\n\t\t\t\t<div class=\"elementor-column elementor-col-25 elementor-top-column elementor-element elementor-element-fcb5143\" data-id=\"fcb5143\" data-element_type=\"column\" data-e-type=\"column\">\n\t\t\t<div class=\"elementor-widget-wrap\">\n\t\t\t\t\t\t\t<\/div>\n\t\t<\/div>\n\t\t\t\t<div class=\"elementor-column elementor-col-25 elementor-top-column elementor-element elementor-element-90aa18c\" data-id=\"90aa18c\" data-element_type=\"column\" data-e-type=\"column\">\n\t\t\t<div class=\"elementor-widget-wrap\">\n\t\t\t\t\t\t\t<\/div>\n\t\t<\/div>\n\t\t\t\t<div class=\"elementor-column elementor-col-25 elementor-top-column elementor-element elementor-element-ad66c98\" data-id=\"ad66c98\" data-element_type=\"column\" data-e-type=\"column\">\n\t\t\t<div class=\"elementor-widget-wrap\">\n\t\t\t\t\t\t\t<\/div>\n\t\t<\/div>\n\t\t\t\t\t<\/div>\n\t\t<\/section>\n\t\t\t\t<section class=\"elementor-section elementor-top-section elementor-element elementor-element-94d8595 elementor-section-boxed elementor-section-height-default elementor-section-height-default\" data-id=\"94d8595\" data-element_type=\"section\" data-e-type=\"section\">\n\t\t\t\t\t\t<div class=\"elementor-container elementor-column-gap-default\">\n\t\t\t\t\t<div class=\"elementor-column elementor-col-25 elementor-top-column elementor-element elementor-element-2898282\" data-id=\"2898282\" data-element_type=\"column\" data-e-type=\"column\">\n\t\t\t<div class=\"elementor-widget-wrap elementor-element-populated\">\n\t\t\t\t\t\t<div class=\"elementor-element elementor-element-cc2a65d elementor-widget elementor-widget-creote-description-v1\" data-id=\"cc2a65d\" data-element_type=\"widget\" data-e-type=\"widget\" data-widget_type=\"creote-description-v1.default\">\n\t\t\t\t<div class=\"elementor-widget-container\">\n\t\t\t\t\t<div class=\"description_box\" >\r\n    <p>BlokBims \u00fcr\u00fcnleri, \u0130SO 9001-2015 sisteminde TS-EN 771\/3 ve CE standartlar\u0131na uygun olarak \u00fcretilen, her t\u00fcrl\u00fc yap\u0131 sisteminin i\u00e7 ve d\u0131\u015f duvarlar\u0131nda kullan\u0131lan yap\u0131 elemanlar\u0131d\u0131r. Y\u00fcksek \u0131s\u0131 yal\u0131t\u0131ml\u0131, enerji tasarruflu ve hafifli\u011fi ile yap\u0131larda son derece g\u00fcvenlik sunan blokbimsler zaman, malzeme ve i\u015f\u00e7ilikten tasarruf sa\u011flar hem de fonksiyonel \u00e7\u00f6z\u00fcmler sunar.<\/p>\r\n  <\/div>\r\n\t\t\t\t<\/div>\n\t\t\t\t<\/div>\n\t\t\t\t\t<\/div>\n\t\t<\/div>\n\t\t\t\t<div class=\"elementor-column elementor-col-25 elementor-top-column elementor-element elementor-element-b4b5ce1\" data-id=\"b4b5ce1\" data-element_type=\"column\" data-e-type=\"column\">\n\t\t\t<div class=\"elementor-widget-wrap\">\n\t\t\t\t\t\t\t<\/div>\n\t\t<\/div>\n\t\t\t\t<div class=\"elementor-column elementor-col-25 elementor-top-column elementor-element elementor-element-d34f969\" data-id=\"d34f969\" data-element_type=\"column\" data-e-type=\"column\">\n\t\t\t<div class=\"elementor-widget-wrap\">\n\t\t\t\t\t\t\t<\/div>\n\t\t<\/div>\n\t\t\t\t<div class=\"elementor-column elementor-col-25 elementor-top-column elementor-element elementor-element-9adf17f\" data-id=\"9adf17f\" data-element_type=\"column\" data-e-type=\"column\">\n\t\t\t<div class=\"elementor-widget-wrap\">\n\t\t\t\t\t\t\t<\/div>\n\t\t<\/div>\n\t\t\t\t\t<\/div>\n\t\t<\/section>\n\t\t\t\t<\/div>\n\t\t","protected":false},"excerpt":{"rendered":"<p>Bims &amp; Briket 8,5 LUK B\u0130MS 10LUK B\u0130MS 13,5 LUK B\u0130MS 15L\u0130K B\u0130MS BlokBims \u00fcr\u00fcnleri, \u0130SO 9001-2015 sisteminde TS-EN 771\/3 ve CE standartlar\u0131na uygun olarak \u00fcretilen, her t\u00fcrl\u00fc yap\u0131 sisteminin i\u00e7 ve d\u0131\u015f duvarlar\u0131nda kullan\u0131lan yap\u0131 elemanlar\u0131d\u0131r. Y\u00fcksek \u0131s\u0131 yal\u0131t\u0131ml\u0131, enerji tasarruflu ve hafifli\u011fi ile yap\u0131larda son derece g\u00fcvenlik sunan blokbimsler zaman, malzeme ve i\u015f\u00e7ilikten [&hellip;]<\/p>\n","protected":false},"author":1,"featured_media":0,"parent":0,"menu_order":0,"comment_status":"closed","ping_status":"closed","template":"template-boxed.php","meta":{"_mi_skip_tracking":false,"footnotes":""},"class_list":["post-6147","page","type-page","status-publish","hentry"],"_links":{"self":[{"href":"http:\/\/turkogluhazirbeton.com.tr\/index.php\/wp-json\/wp\/v2\/pages\/6147","targetHints":{"allow":["GET"]}}],"collection":[{"href":"http:\/\/turkogluhazirbeton.com.tr\/index.php\/wp-json\/wp\/v2\/pages"}],"about":[{"href":"http:\/\/turkogluhazirbeton.com.tr\/index.php\/wp-json\/wp\/v2\/types\/page"}],"author":[{"embeddable":true,"href":"http:\/\/turkogluhazirbeton.com.tr\/index.php\/wp-json\/wp\/v2\/users\/1"}],"replies":[{"embeddable":true,"href":"http:\/\/turkogluhazirbeton.com.tr\/index.php\/wp-json\/wp\/v2\/comments?post=6147"}],"version-history":[{"count":10,"href":"http:\/\/turkogluhazirbeton.com.tr\/index.php\/wp-json\/wp\/v2\/pages\/6147\/revisions"}],"predecessor-version":[{"id":6162,"href":"http:\/\/turkogluhazirbeton.com.tr\/index.php\/wp-json\/wp\/v2\/pages\/6147\/revisions\/6162"}],"wp:attachment":[{"href":"http:\/\/turkogluhazirbeton.com.tr\/index.php\/wp-json\/wp\/v2\/media?parent=6147"}],"curies":[{"name":"wp","href":"https:\/\/api.w.org\/{rel}","templated":true}]}}