{"id":6213,"date":"2022-04-14T07:04:21","date_gmt":"2022-04-14T07:04:21","guid":{"rendered":"http:\/\/turkogluhazirbeton.com.tr\/?page_id=6213"},"modified":"2022-04-14T07:07:28","modified_gmt":"2022-04-14T07:07:28","slug":"nervurlu-demir","status":"publish","type":"page","link":"http:\/\/turkogluhazirbeton.com.tr\/index.php\/nervurlu-demir\/","title":{"rendered":"Nerv\u00fcrl\u00fc Demir"},"content":{"rendered":"\t\t<div data-elementor-type=\"wp-page\" data-elementor-id=\"6213\" class=\"elementor elementor-6213\">\n\t\t\t\t\t\t<section class=\"elementor-section elementor-top-section elementor-element elementor-element-6f98298 elementor-section-boxed elementor-section-height-default elementor-section-height-default\" data-id=\"6f98298\" data-element_type=\"section\" data-e-type=\"section\">\n\t\t\t\t\t\t<div class=\"elementor-container elementor-column-gap-default\">\n\t\t\t\t\t<div class=\"elementor-column elementor-col-100 elementor-top-column elementor-element elementor-element-40564a3\" data-id=\"40564a3\" data-element_type=\"column\" data-e-type=\"column\">\n\t\t\t<div class=\"elementor-widget-wrap elementor-element-populated\">\n\t\t\t\t\t\t<div class=\"elementor-element elementor-element-05fa3fc elementor-widget elementor-widget-creote-logo-v1\" data-id=\"05fa3fc\" data-element_type=\"widget\" data-e-type=\"widget\" data-widget_type=\"creote-logo-v1.default\">\n\t\t\t\t<div class=\"elementor-widget-container\">\n\t\t\t\t\t<div class=\"header_logo_box_solo\">\r\n   <a href=\"http:\/\/turkogluhazirbeton.com.tr\" class=\"logo navbar-brand\">\r\n   <img decoding=\"async\" src=\"http:\/\/turkogluhazirbeton.com.tr\/wp-content\/uploads\/2022\/04\/too.png\" alt=\"T&uuml;rko\u011flu Haz\u0131r Beton\" class=\"logo_default\">\r\n    \r\n   <\/a>\r\n<\/div>\r\n\t\t\t\t<\/div>\n\t\t\t\t<\/div>\n\t\t\t\t\t<\/div>\n\t\t<\/div>\n\t\t\t\t\t<\/div>\n\t\t<\/section>\n\t\t\t\t<section class=\"elementor-section elementor-top-section elementor-element elementor-element-4676ed3 elementor-section-boxed elementor-section-height-default elementor-section-height-default\" data-id=\"4676ed3\" data-element_type=\"section\" data-e-type=\"section\">\n\t\t\t\t\t\t<div class=\"elementor-container elementor-column-gap-default\">\n\t\t\t\t\t<div class=\"elementor-column elementor-col-100 elementor-top-column elementor-element elementor-element-4912c13\" data-id=\"4912c13\" data-element_type=\"column\" data-e-type=\"column\">\n\t\t\t<div class=\"elementor-widget-wrap\">\n\t\t\t\t\t\t\t<\/div>\n\t\t<\/div>\n\t\t\t\t\t<\/div>\n\t\t<\/section>\n\t\t\t\t<section class=\"elementor-section elementor-top-section elementor-element elementor-element-d8052c4 elementor-section-boxed elementor-section-height-default elementor-section-height-default\" data-id=\"d8052c4\" data-element_type=\"section\" data-e-type=\"section\">\n\t\t\t\t\t\t<div class=\"elementor-container elementor-column-gap-default\">\n\t\t\t\t\t<div class=\"elementor-column elementor-col-100 elementor-top-column elementor-element elementor-element-365460d\" data-id=\"365460d\" data-element_type=\"column\" data-e-type=\"column\">\n\t\t\t<div class=\"elementor-widget-wrap elementor-element-populated\">\n\t\t\t\t\t\t<div class=\"elementor-element elementor-element-be2f317 elementor-widget elementor-widget-creote-title-v1\" data-id=\"be2f317\" data-element_type=\"widget\" data-e-type=\"widget\" data-widget_type=\"creote-title-v1.default\">\n\t\t\t\t<div class=\"elementor-widget-container\">\n\t\t\t\t\t<div class=\"title_all_box style_one  dark_color\" >\r\n         <div class=\"title_sections center\">\r\n            <div class=\"before_title\">\r\n         Nerv\u00fcrl\u00fc Demir      <\/div>\r\n                     <\/div>\r\n               \r\n<\/div>\r\n\t\t\t\t<\/div>\n\t\t\t\t<\/div>\n\t\t\t\t\t<\/div>\n\t\t<\/div>\n\t\t\t\t\t<\/div>\n\t\t<\/section>\n\t\t\t\t<section class=\"elementor-section elementor-top-section elementor-element elementor-element-c6a9e52 elementor-section-boxed elementor-section-height-default elementor-section-height-default\" data-id=\"c6a9e52\" data-element_type=\"section\" data-e-type=\"section\">\n\t\t\t\t\t\t<div class=\"elementor-container elementor-column-gap-default\">\n\t\t\t\t\t<div class=\"elementor-column elementor-col-33 elementor-top-column elementor-element elementor-element-56567fd\" data-id=\"56567fd\" data-element_type=\"column\" data-e-type=\"column\">\n\t\t\t<div class=\"elementor-widget-wrap\">\n\t\t\t\t\t\t\t<\/div>\n\t\t<\/div>\n\t\t\t\t<div class=\"elementor-column elementor-col-33 elementor-top-column elementor-element elementor-element-376c714\" data-id=\"376c714\" data-element_type=\"column\" data-e-type=\"column\">\n\t\t\t<div class=\"elementor-widget-wrap\">\n\t\t\t\t\t\t\t<\/div>\n\t\t<\/div>\n\t\t\t\t<div class=\"elementor-column elementor-col-33 elementor-top-column elementor-element elementor-element-81012dc\" data-id=\"81012dc\" data-element_type=\"column\" data-e-type=\"column\">\n\t\t\t<div class=\"elementor-widget-wrap\">\n\t\t\t\t\t\t\t<\/div>\n\t\t<\/div>\n\t\t\t\t\t<\/div>\n\t\t<\/section>\n\t\t\t\t<section class=\"elementor-section elementor-top-section elementor-element elementor-element-930b870 elementor-section-boxed elementor-section-height-default elementor-section-height-default\" data-id=\"930b870\" data-element_type=\"section\" data-e-type=\"section\">\n\t\t\t\t\t\t<div class=\"elementor-container elementor-column-gap-default\">\n\t\t\t\t\t<div class=\"elementor-column elementor-col-50 elementor-top-column elementor-element elementor-element-ab2970a\" data-id=\"ab2970a\" data-element_type=\"column\" data-e-type=\"column\">\n\t\t\t<div class=\"elementor-widget-wrap elementor-element-populated\">\n\t\t\t\t\t\t<div class=\"elementor-element elementor-element-ee93fbc elementor-widget elementor-widget-creote-simple-image-box-v1\" data-id=\"ee93fbc\" data-element_type=\"widget\" data-e-type=\"widget\" data-widget_type=\"creote-simple-image-box-v1.default\">\n\t\t\t\t<div class=\"elementor-widget-container\">\n\t\t\t\t\t<div class=\"simple_image_boxes  parallax_cover\"   data-aos=\"fade-up\" data-aos-delay=\"0\" >\r\n   <img decoding=\"async\" src=\"http:\/\/turkogluhazirbeton.com.tr\/wp-content\/uploads\/2022\/04\/nervur.png\" class=\"simp_img cover-parallax\" alt=\"image\" \/>\r\n<\/div>\r\n\t\t\t\t<\/div>\n\t\t\t\t<\/div>\n\t\t\t\t\t<\/div>\n\t\t<\/div>\n\t\t\t\t<div class=\"elementor-column elementor-col-50 elementor-top-column elementor-element elementor-element-171e2e5\" data-id=\"171e2e5\" data-element_type=\"column\" data-e-type=\"column\">\n\t\t\t<div class=\"elementor-widget-wrap elementor-element-populated\">\n\t\t\t\t\t\t<div class=\"elementor-element elementor-element-9694271 elementor-widget elementor-widget-creote-title-v1\" data-id=\"9694271\" data-element_type=\"widget\" data-e-type=\"widget\" data-widget_type=\"creote-title-v1.default\">\n\t\t\t\t<div class=\"elementor-widget-container\">\n\t\t\t\t\t<div class=\"title_all_box style_one  dark_color\" >\r\n         <div class=\"title_sections left\">\r\n                  <h2>  Nerv\u00fcrl\u00fc Demir<\/h2>\r\n                  <p>  <strong>U\u0308ru\u0308n O\u0308zellikleri<\/strong><\/br>\nBetonarme yap\u0131 imalatlar\u0131nda tercih edilen, d\u00fcz y\u00fczeyli in\u015faat \u00e7eli\u011fine alternatif olarak \u00fcretilen \u00e7elik t\u00fcr\u00fcne nerv\u00fcr ad\u0131 verilmektedir. Betonun direncini art\u0131rmak amac\u0131yla kullan\u0131lan \u00e7\u0131k\u0131nt\u0131l\u0131 demirdir. Nerv\u00fcrl\u00fc demir, karbon ve mangan elementlerinden meydana gelir. Di\u015fli yap\u0131s\u0131 ile in\u015faat projelerinde g\u00fcvenle kullan\u0131l\u0131r. Nerv\u00fcrl\u00fc demirin y\u00fczeyinde girinti ve \u00e7\u0131k\u0131nt\u0131l\u0131 yap\u0131lar bulunur. Bu girinri ve \u00e7\u0131k\u0131nt\u0131lar sayesinde betonu daha s\u0131k\u0131 tutar. Genel standart olarak 12 metre boyunda \u00fcretilmektedir. Prefabrik yap\u0131lar\u0131n \u00fcretiminde s\u0131kl\u0131kla dikkati \u00e7eken nerv\u00fcrl\u00fc demir,  otomotiv, gemi g\u00f6vdesinin yan\u0131 s\u0131ra binalar\u0131n yap\u0131sal bile\u015feni olarak da kullan\u0131l\u0131r.\n\n<\/p>\r\n         <\/div>\r\n               \r\n<\/div>\r\n\t\t\t\t<\/div>\n\t\t\t\t<\/div>\n\t\t\t\t\t<\/div>\n\t\t<\/div>\n\t\t\t\t\t<\/div>\n\t\t<\/section>\n\t\t\t\t<\/div>\n\t\t","protected":false},"excerpt":{"rendered":"<p>Nerv\u00fcrl\u00fc Demir Nerv\u00fcrl\u00fc Demir U\u0308ru\u0308n O\u0308zellikleri Betonarme yap\u0131 imalatlar\u0131nda tercih edilen, d\u00fcz y\u00fczeyli in\u015faat \u00e7eli\u011fine alternatif olarak \u00fcretilen \u00e7elik t\u00fcr\u00fcne nerv\u00fcr ad\u0131 verilmektedir. Betonun direncini art\u0131rmak amac\u0131yla kullan\u0131lan \u00e7\u0131k\u0131nt\u0131l\u0131 demirdir. Nerv\u00fcrl\u00fc demir, karbon ve mangan elementlerinden meydana gelir. Di\u015fli yap\u0131s\u0131 ile in\u015faat projelerinde g\u00fcvenle kullan\u0131l\u0131r. Nerv\u00fcrl\u00fc demirin y\u00fczeyinde girinti ve \u00e7\u0131k\u0131nt\u0131l\u0131 yap\u0131lar bulunur. Bu girinri [&hellip;]<\/p>\n","protected":false},"author":1,"featured_media":0,"parent":0,"menu_order":0,"comment_status":"closed","ping_status":"closed","template":"template-boxed.php","meta":{"_mi_skip_tracking":false,"footnotes":""},"class_list":["post-6213","page","type-page","status-publish","hentry"],"_links":{"self":[{"href":"http:\/\/turkogluhazirbeton.com.tr\/index.php\/wp-json\/wp\/v2\/pages\/6213","targetHints":{"allow":["GET"]}}],"collection":[{"href":"http:\/\/turkogluhazirbeton.com.tr\/index.php\/wp-json\/wp\/v2\/pages"}],"about":[{"href":"http:\/\/turkogluhazirbeton.com.tr\/index.php\/wp-json\/wp\/v2\/types\/page"}],"author":[{"embeddable":true,"href":"http:\/\/turkogluhazirbeton.com.tr\/index.php\/wp-json\/wp\/v2\/users\/1"}],"replies":[{"embeddable":true,"href":"http:\/\/turkogluhazirbeton.com.tr\/index.php\/wp-json\/wp\/v2\/comments?post=6213"}],"version-history":[{"count":4,"href":"http:\/\/turkogluhazirbeton.com.tr\/index.php\/wp-json\/wp\/v2\/pages\/6213\/revisions"}],"predecessor-version":[{"id":6218,"href":"http:\/\/turkogluhazirbeton.com.tr\/index.php\/wp-json\/wp\/v2\/pages\/6213\/revisions\/6218"}],"wp:attachment":[{"href":"http:\/\/turkogluhazirbeton.com.tr\/index.php\/wp-json\/wp\/v2\/media?parent=6213"}],"curies":[{"name":"wp","href":"https:\/\/api.w.org\/{rel}","templated":true}]}}